{"id":1352,"date":"2016-06-22T14:06:00","date_gmt":"2016-06-22T14:06:00","guid":{"rendered":"http:\/\/wp.human-plus.de\/en\/?page_id=1352"},"modified":"2022-12-02T10:11:32","modified_gmt":"2022-12-02T10:11:32","slug":"spenden","status":"publish","type":"page","link":"https:\/\/human-plus.de\/en\/spenden\/","title":{"rendered":"Spenden"},"content":{"rendered":"<section class=\"l-section wpb_row height_small\"><div class=\"l-section-h i-cf\"><div class=\"g-cols vc_row via_flex valign_top type_default stacking_default\"><div class=\"vc_col-sm-12 wpb_column vc_column_container\"><div class=\"vc_column-inner\"><div class=\"wpb_wrapper\"><div class=\"wpb_text_column\"><div class=\"wpb_wrapper\"><h2><strong>Nutzen Sie eine unserer praktischen M\u00f6glichkeiten, bed\u00fcrftigen Menschen zu helfen:<\/strong><\/h2>\n<\/div><\/div><\/div><\/div><\/div><\/div><\/div><\/section><section class=\"l-section wpb_row height_small\"><div class=\"l-section-h i-cf\"><div class=\"g-cols vc_row via_flex valign_top type_default stacking_default\"><div class=\"vc_col-sm-6 wpb_column vc_column_container has_bg_color\"><div class=\"vc_column-inner us_custom_21baaa91\"><div class=\"wpb_wrapper\"><div class=\"wpb_text_column\"><div class=\"wpb_wrapper\"><h4>Spenden Sie jetzt direkt per PayPal!<\/h4>\n<\/div><\/div><div class=\"wpb_text_column\"><div class=\"wpb_wrapper\"><p>Senden Sie uns Ihre Unterst\u00fctzung per PayPal.<\/p>\n<p>Schnell. Sicher. Einfach.<\/p>\n<\/div><\/div><div class=\"w-image align_none\"><a target=\" _blank\" rel=\"nofollow\" href=\"https:\/\/www.paypal.com\/cgi-bin\/webscr?cmd=_s-xclick&amp;hosted_button_id=U7YZ4JPHJ6AWG\" aria-label=\"human-plus-spenden-paypal\" class=\"w-image-h\"><img decoding=\"async\" width=\"150\" height=\"38\" src=\"https:\/\/human-plus.de\/wp-content\/uploads\/2016\/06\/human-plus-spenden-paypal.png\" class=\"attachment-full size-full\" alt=\"\" loading=\"lazy\" \/><\/a><\/div><div class=\"w-image align_none\"><a target=\" _blank\" rel=\"nofollow\" href=\"https:\/\/www.paypal.com\/cgi-bin\/webscr?cmd=_s-xclick&amp;hosted_button_id=U7YZ4JPHJ6AWG\" aria-label=\"humna-plus-spenden-paypal_content\" class=\"w-image-h\"><img decoding=\"async\" width=\"108\" height=\"58\" src=\"https:\/\/human-plus.de\/wp-content\/uploads\/2016\/06\/humna-plus-spenden-paypal_content.png\" class=\"attachment-large size-large\" alt=\"\" loading=\"lazy\" \/><\/a><\/div><\/div><\/div><\/div><div class=\"vc_col-sm-6 wpb_column vc_column_container has_bg_color\"><div class=\"vc_column-inner us_custom_83baa9d6\"><div class=\"wpb_wrapper\"><div class=\"wpb_text_column\"><div class=\"wpb_wrapper\"><h4>Spenden Sie per \u00dcberweisung! Unsere Bankverbindung:<\/h4>\n<\/div><\/div><div class=\"w-image align_none\"><div class=\"w-image-h\"><img decoding=\"async\" width=\"76\" height=\"42\" src=\"https:\/\/human-plus.de\/wp-content\/uploads\/2016\/06\/icon_ueberweisung.png\" class=\"attachment-full size-full\" alt=\"\" loading=\"lazy\" \/><\/div><\/div><div class=\"wpb_text_column\"><div class=\"wpb_wrapper\"><p>Human Plus e.V.<\/p>\n<p>IBAN <strong>DE71 3107 0024 0619 6190 00<\/strong><br \/>\nBIC <strong>DEUTDEDB310<br \/>\n<\/strong>Deutsche Bank M\u00f6nchengladbach<strong><br \/>\n<\/strong><\/p>\n<\/div><\/div><\/div><\/div><\/div><\/div><\/div><\/section><section class=\"l-section wpb_row height_small\"><div class=\"l-section-h i-cf\"><div class=\"g-cols vc_row via_flex valign_top type_default stacking_default\"><div class=\"vc_col-sm-12 wpb_column vc_column_container\"><div class=\"vc_column-inner\"><div class=\"wpb_wrapper\"><div class=\"wpb_text_column\"><div class=\"wpb_wrapper\"><p>Bei Spenden von bis zu 300 Euro gen\u00fcgt der Kontoauszug oder der Einzahlungsbeleg als Spendennachweis. (<a href=\"http:\/\/www.gesetze-im-internet.de\/estdv_1955\/__50.html\" target=\"_blank\" rel=\"noopener noreferrer\">\u00a7 50 Zuwendungsbest\u00e4tigung<\/a>)<\/p>\n<p>Auf Wunsch stellt Human Plus e.V. in jedem Fall eine Zuwendungsbest\u00e4tigung als Spendenbescheinigung aus.<\/p>\n<p>Teilen Sie uns bitte dazu im Verwendungszweck oder Kommentarfeld Ihre Adresse mit.<\/p>\n<p>Vielen Dank f\u00fcr Ihre Unterst\u00fctzung!<\/p>\n<\/div><\/div><\/div><\/div><\/div><\/div><\/div><\/section>\n","protected":false},"excerpt":{"rendered":"Nutzen Sie eine unserer praktischen M\u00f6glichkeiten, bed\u00fcrftigen Menschen zu helfen: Spenden Sie jetzt direkt per PayPal! Senden Sie uns Ihre Unterst\u00fctzung per PayPal. Schnell. Sicher. Einfach. Spenden Sie per \u00dcberweisung! Unsere Bankverbindung: Human Plus e.V. IBAN DE71 3107 0024 0619 6190 00 BIC DEUTDEDB310 Deutsche Bank M\u00f6nchengladbach Bei Spenden von bis zu 300 Euro gen\u00fcgt...","protected":false},"author":1,"featured_media":0,"parent":0,"menu_order":0,"comment_status":"closed","ping_status":"closed","template":"","meta":{"footnotes":""},"_links":{"self":[{"href":"https:\/\/human-plus.de\/en\/wp-json\/wp\/v2\/pages\/1352"}],"collection":[{"href":"https:\/\/human-plus.de\/en\/wp-json\/wp\/v2\/pages"}],"about":[{"href":"https:\/\/human-plus.de\/en\/wp-json\/wp\/v2\/types\/page"}],"author":[{"embeddable":true,"href":"https:\/\/human-plus.de\/en\/wp-json\/wp\/v2\/users\/1"}],"replies":[{"embeddable":true,"href":"https:\/\/human-plus.de\/en\/wp-json\/wp\/v2\/comments?post=1352"}],"version-history":[{"count":9,"href":"https:\/\/human-plus.de\/en\/wp-json\/wp\/v2\/pages\/1352\/revisions"}],"predecessor-version":[{"id":6520,"href":"https:\/\/human-plus.de\/en\/wp-json\/wp\/v2\/pages\/1352\/revisions\/6520"}],"wp:attachment":[{"href":"https:\/\/human-plus.de\/en\/wp-json\/wp\/v2\/media?parent=1352"}],"curies":[{"name":"wp","href":"https:\/\/api.w.org\/{rel}","templated":true}]}}