{"id":1316,"date":"2016-07-14T08:46:27","date_gmt":"2016-07-14T08:46:27","guid":{"rendered":"http:\/\/wp.human-plus.de\/en\/?page_id=1316"},"modified":"2019-01-07T09:46:56","modified_gmt":"2019-01-07T09:46:56","slug":"mission","status":"publish","type":"page","link":"https:\/\/human-plus.de\/en\/home\/mission\/","title":{"rendered":"Mission"},"content":{"rendered":"<section class=\"l-section wpb_row height_small\"><div class=\"l-section-h i-cf\"><div class=\"g-cols vc_row via_flex valign_top type_default stacking_default\"><div class=\"vc_col-sm-12 wpb_column vc_column_container\"><div class=\"vc_column-inner\"><div class=\"wpb_wrapper\">\n\t\t\t<!-- START Human Plus Home REVOLUTION SLIDER 6.7.2 --><p class=\"rs-p-wp-fix\"><\/p>\n\t\t\t<rs-module-wrap id=\"rev_slider_1_1_wrapper\" data-source=\"gallery\" style=\"visibility:hidden;background:transparent;padding:0;margin:0px auto;margin-top:0;margin-bottom:0;\">\n\t\t\t\t<rs-module id=\"rev_slider_1_1\" style=\"\" data-version=\"6.7.2\">\n\t\t\t\t\t<rs-slides style=\"overflow: hidden; position: absolute;\">\n\t\t\t\t\t\t<rs-slide style=\"position: absolute;\" data-key=\"rs-1\" data-title=\"Slide\" data-thumb=\"\/\/human-plus.de\/wp-content\/uploads\/2016\/07\/human-plus-home-slider02-100x50.jpg\" data-duration=\"6010.0006103515625\" data-anim=\"p:dark;\" data-in=\"o:0;\" data-out=\"o:0;\">\n\t\t\t\t\t\t\t<img decoding=\"async\" src=\"\/\/human-plus.de\/wp-content\/plugins\/revslider\/sr6\/assets\/assets\/dummy.png\" alt=\"\" title=\"Mission\" class=\"rev-slidebg tp-rs-img rs-lazyload\" data-lazyload=\"\/\/human-plus.de\/wp-content\/uploads\/2016\/07\/human-plus-home-slider02.jpg\" data-bg=\"f:contain;\" data-no-retina>\n<!--\n\t\t\t\t\t\t\t--><rs-layer\n\t\t\t\t\t\t\t\tid=\"slider-1-slide-1-layer-1\" \n\t\t\t\t\t\t\t\tdata-type=\"text\"\n\t\t\t\t\t\t\t\tdata-color=\"rgba(255,255,255,1)\"\n\t\t\t\t\t\t\t\tdata-rsp_ch=\"on\"\n\t\t\t\t\t\t\t\tdata-xy=\"x:r;xo:-46px;y:c;yo:-114px;\"\n\t\t\t\t\t\t\t\tdata-text=\"w:normal;s:30;l:30;fw:600;\"\n\t\t\t\t\t\t\t\tdata-dim=\"w:576px;h:41px;\"\n\t\t\t\t\t\t\t\tdata-frame_0=\"tp:600;\"\n\t\t\t\t\t\t\t\tdata-frame_1=\"tp:600;e:power2.inOut;st:2480;sp:1060;\"\n\t\t\t\t\t\t\t\tdata-frame_999=\"o:0;tp:600;e:nothing;st:w;\"\n\t\t\t\t\t\t\t\tstyle=\"z-index:5;font-family:'';\"\n\t\t\t\t\t\t\t>f\u00fcr Kinder in Krisengebieten.\n\n\n \n\t\t\t\t\t\t\t<\/rs-layer><!--\n\n\t\t\t\t\t\t\t--><rs-layer\n\t\t\t\t\t\t\t\tid=\"slider-1-slide-1-layer-3\" \n\t\t\t\t\t\t\t\tdata-type=\"text\"\n\t\t\t\t\t\t\t\tdata-color=\"rgba(255,255,255,1)\"\n\t\t\t\t\t\t\t\tdata-rsp_ch=\"on\"\n\t\t\t\t\t\t\t\tdata-xy=\"x:r;xo:-92px;y:170px;\"\n\t\t\t\t\t\t\t\tdata-text=\"w:normal;s:30;l:50;fw:600;\"\n\t\t\t\t\t\t\t\tdata-dim=\"w:580px;\"\n\t\t\t\t\t\t\t\tdata-frame_0=\"tp:600;\"\n\t\t\t\t\t\t\t\tdata-frame_1=\"tp:600;e:power2.inOut;st:1200;sp:1030;\"\n\t\t\t\t\t\t\t\tdata-frame_999=\"o:0;tp:600;e:nothing;st:w;\"\n\t\t\t\t\t\t\t\tstyle=\"z-index:6;font-family:'';\"\n\t\t\t\t\t\t\t>Human Plus engagiert sich \n\t\t\t\t\t\t\t<\/rs-layer><!--\n-->\t\t\t\t\t<\/rs-slide>\n\t\t\t\t\t\t<rs-slide style=\"position: absolute;\" data-key=\"rs-2\" data-title=\"Slide\" data-thumb=\"\/\/human-plus.de\/wp-content\/uploads\/2016\/12\/human-plus-home-slider11-100x50.jpg\" data-duration=\"6010.0006103515625\" data-anim=\"p:dark;\" data-in=\"o:0;\" data-out=\"o:0;\">\n\t\t\t\t\t\t\t<img decoding=\"async\" src=\"\/\/human-plus.de\/wp-content\/plugins\/revslider\/sr6\/assets\/assets\/dummy.png\" alt=\"\" title=\"Mission\" class=\"rev-slidebg tp-rs-img rs-lazyload\" data-lazyload=\"\/\/human-plus.de\/wp-content\/uploads\/2016\/12\/human-plus-home-slider11.jpg\" data-bg=\"f:contain;\" data-no-retina>\n<!--\n\t\t\t\t\t\t\t--><rs-layer\n\t\t\t\t\t\t\t\tid=\"slider-1-slide-2-layer-3\" \n\t\t\t\t\t\t\t\tdata-type=\"text\"\n\t\t\t\t\t\t\t\tdata-color=\"rgba(255,255,255,1)\"\n\t\t\t\t\t\t\t\tdata-rsp_ch=\"on\"\n\t\t\t\t\t\t\t\tdata-xy=\"x:r;xo:91px;y:110px;\"\n\t\t\t\t\t\t\t\tdata-text=\"w:normal;s:30;l:30;fw:600;\"\n\t\t\t\t\t\t\t\tdata-dim=\"w:440px;h:91px;\"\n\t\t\t\t\t\t\t\tdata-frame_0=\"tp:600;\"\n\t\t\t\t\t\t\t\tdata-frame_1=\"tp:600;e:power2.inOut;st:1200;sp:1030;\"\n\t\t\t\t\t\t\t\tdata-frame_999=\"o:0;tp:600;e:nothing;st:w;\"\n\t\t\t\t\t\t\t\tstyle=\"z-index:5;font-family:'';\"\n\t\t\t\t\t\t\t>Human Plus sorgt daf\u00fcr,<\/br>\ndass Ihre Unterst\u00fctzung<\/br>\n wirklich ankommt! \n\t\t\t\t\t\t\t<\/rs-layer><!--\n-->\t\t\t\t\t<\/rs-slide>\n\t\t\t\t\t\t<rs-slide style=\"position: absolute;\" data-key=\"rs-3\" data-title=\"Slide\" data-thumb=\"\/\/human-plus.de\/wp-content\/uploads\/2016\/07\/human-plus-home-slider04-100x50.jpg\" data-duration=\"6010.0006103515625\" data-anim=\"ms:default,default;r:,0;p:dark;\" data-in=\"o:0;\" data-out=\"o:0;\" data-alttrans=\"fadefrombottom\">\n\t\t\t\t\t\t\t<img decoding=\"async\" src=\"\/\/human-plus.de\/wp-content\/plugins\/revslider\/sr6\/assets\/assets\/dummy.png\" alt=\"\" title=\"Mission\" class=\"rev-slidebg tp-rs-img rs-lazyload\" data-lazyload=\"\/\/human-plus.de\/wp-content\/uploads\/2016\/07\/human-plus-home-slider04.jpg\" data-bg=\"f:contain;\" data-no-retina>\n<!--\n\t\t\t\t\t\t\t--><rs-layer\n\t\t\t\t\t\t\t\tid=\"slider-1-slide-3-layer-1\" \n\t\t\t\t\t\t\t\tdata-type=\"text\"\n\t\t\t\t\t\t\t\tdata-color=\"rgba(255,255,255,1)\"\n\t\t\t\t\t\t\t\tdata-rsp_ch=\"on\"\n\t\t\t\t\t\t\t\tdata-xy=\"x:r;xo:429px;y:c;yo:-121px;\"\n\t\t\t\t\t\t\t\tdata-text=\"w:normal;s:30;l:30;fw:600;\"\n\t\t\t\t\t\t\t\tdata-dim=\"w:735px;\"\n\t\t\t\t\t\t\t\tdata-frame_0=\"tp:600;\"\n\t\t\t\t\t\t\t\tdata-frame_1=\"tp:600;e:power2.inOut;st:2480;sp:1060;\"\n\t\t\t\t\t\t\t\tdata-frame_999=\"o:0;tp:600;e:nothing;st:6010;\"\n\t\t\t\t\t\t\t\tstyle=\"z-index:5;font-family:'';\"\n\t\t\t\t\t\t\t>mit Nahrung und Kleidung. \n\t\t\t\t\t\t\t<\/rs-layer><!--\n\n\t\t\t\t\t\t\t--><rs-layer\n\t\t\t\t\t\t\t\tid=\"slider-1-slide-3-layer-3\" \n\t\t\t\t\t\t\t\tdata-type=\"text\"\n\t\t\t\t\t\t\t\tdata-color=\"rgba(255,255,255,1)\"\n\t\t\t\t\t\t\t\tdata-rsp_ch=\"on\"\n\t\t\t\t\t\t\t\tdata-xy=\"x:r;xo:456px;y:119px;\"\n\t\t\t\t\t\t\t\tdata-text=\"w:normal;s:30;l:30;fw:600;\"\n\t\t\t\t\t\t\t\tdata-dim=\"w:760px;\"\n\t\t\t\t\t\t\t\tdata-frame_0=\"tp:600;\"\n\t\t\t\t\t\t\t\tdata-frame_1=\"tp:600;e:power2.inOut;st:1200;sp:1030;\"\n\t\t\t\t\t\t\t\tdata-frame_999=\"o:0;tp:600;e:nothing;st:6010;\"\n\t\t\t\t\t\t\t\tstyle=\"z-index:6;font-family:'';\"\n\t\t\t\t\t\t\t>Human Plus unterst\u00fctzt die Menschen <\/br>in Krisengebieten in aller Welt\n \n\t\t\t\t\t\t\t<\/rs-layer><!--\n-->\t\t\t\t\t<\/rs-slide>\n\t\t\t\t\t\t<rs-slide style=\"position: absolute;\" data-key=\"rs-4\" data-title=\"Slide\" data-thumb=\"\/\/human-plus.de\/wp-content\/uploads\/2016\/07\/human-plus-home-slider05-100x50.jpg\" data-duration=\"6010.0006103515625\" data-anim=\"ms:default,default;r:,0;p:dark;\" data-in=\"o:0;\" data-out=\"o:0;\" data-alttrans=\"fadefrombottom\">\n\t\t\t\t\t\t\t<img decoding=\"async\" src=\"\/\/human-plus.de\/wp-content\/plugins\/revslider\/sr6\/assets\/assets\/dummy.png\" alt=\"\" title=\"Mission\" class=\"rev-slidebg tp-rs-img rs-lazyload\" data-lazyload=\"\/\/human-plus.de\/wp-content\/uploads\/2016\/07\/human-plus-home-slider05.jpg\" data-bg=\"f:contain;\" data-no-retina>\n<!--\n\t\t\t\t\t\t\t--><rs-layer\n\t\t\t\t\t\t\t\tid=\"slider-1-slide-4-layer-3\" \n\t\t\t\t\t\t\t\tdata-type=\"text\"\n\t\t\t\t\t\t\t\tdata-color=\"rgba(255,255,255,1)\"\n\t\t\t\t\t\t\t\tdata-rsp_ch=\"on\"\n\t\t\t\t\t\t\t\tdata-xy=\"x:r;xo:444px;y:c;yo:-190px;\"\n\t\t\t\t\t\t\t\tdata-text=\"w:normal;s:30;l:30;fw:600;\"\n\t\t\t\t\t\t\t\tdata-dim=\"w:760px;\"\n\t\t\t\t\t\t\t\tdata-frame_0=\"tp:600;\"\n\t\t\t\t\t\t\t\tdata-frame_1=\"tp:600;e:power2.inOut;st:1200;sp:1030;\"\n\t\t\t\t\t\t\t\tdata-frame_999=\"o:0;tp:600;e:nothing;st:6010;\"\n\t\t\t\t\t\t\t\tstyle=\"z-index:5;font-family:'';\"\n\t\t\t\t\t\t\t>Human Plus hilft weltweit.\n \n\t\t\t\t\t\t\t<\/rs-layer><!--\n-->\t\t\t\t\t<\/rs-slide>\n\t\t\t\t\t\t<rs-slide style=\"position: absolute;\" data-key=\"rs-7\" data-title=\"Slide\" data-thumb=\"\/\/human-plus.de\/wp-content\/uploads\/2016\/07\/human-plus-home-slider09-100x50.jpg\" data-duration=\"6010.0006103515625\" data-anim=\"p:dark;\" data-in=\"o:0;\" data-out=\"o:0;\">\n\t\t\t\t\t\t\t<img decoding=\"async\" src=\"\/\/human-plus.de\/wp-content\/plugins\/revslider\/sr6\/assets\/assets\/dummy.png\" alt=\"\" title=\"Mission\" class=\"rev-slidebg tp-rs-img rs-lazyload\" data-lazyload=\"\/\/human-plus.de\/wp-content\/uploads\/2016\/07\/human-plus-home-slider09.jpg\" data-bg=\"f:contain;\" data-no-retina>\n<!--\n\t\t\t\t\t\t\t--><rs-layer\n\t\t\t\t\t\t\t\tid=\"slider-1-slide-7-layer-3\" \n\t\t\t\t\t\t\t\tdata-type=\"text\"\n\t\t\t\t\t\t\t\tdata-color=\"rgba(255,255,255,1)\"\n\t\t\t\t\t\t\t\tdata-rsp_ch=\"on\"\n\t\t\t\t\t\t\t\tdata-xy=\"x:r;xo:358px;y:116px;\"\n\t\t\t\t\t\t\t\tdata-text=\"w:normal;s:30;l:30;fw:600;\"\n\t\t\t\t\t\t\t\tdata-dim=\"w:671px;h:62px;\"\n\t\t\t\t\t\t\t\tdata-frame_0=\"tp:600;\"\n\t\t\t\t\t\t\t\tdata-frame_1=\"tp:600;e:power2.inOut;st:1200;sp:1030;\"\n\t\t\t\t\t\t\t\tdata-frame_999=\"o:0;tp:600;e:nothing;st:6010;\"\n\t\t\t\t\t\t\t\tstyle=\"z-index:5;font-family:'';\"\n\t\t\t\t\t\t\t>Human Plus hilft Menschen auf der Flucht. \n\t\t\t\t\t\t\t<\/rs-layer><!--\n-->\t\t\t\t\t<\/rs-slide>\n\t\t\t\t\t\t<rs-slide style=\"position: absolute;\" data-key=\"rs-9\" data-title=\"Slide\" data-thumb=\"\/\/human-plus.de\/wp-content\/uploads\/2016\/07\/human-plus-home-slider07-100x50.jpg\" data-duration=\"6010.0006103515625\" data-anim=\"ms:default,default;r:,0;p:dark;\" data-in=\"o:0;\" data-out=\"o:0;\" data-alttrans=\"fadefrombottom\">\n\t\t\t\t\t\t\t<img decoding=\"async\" src=\"\/\/human-plus.de\/wp-content\/plugins\/revslider\/sr6\/assets\/assets\/dummy.png\" alt=\"\" title=\"Mission\" class=\"rev-slidebg tp-rs-img rs-lazyload\" data-lazyload=\"\/\/human-plus.de\/wp-content\/uploads\/2016\/07\/human-plus-home-slider07.jpg\" data-bg=\"f:contain;\" data-no-retina>\n<!--\n\t\t\t\t\t\t\t--><rs-layer\n\t\t\t\t\t\t\t\tid=\"slider-1-slide-9-layer-3\" \n\t\t\t\t\t\t\t\tdata-type=\"text\"\n\t\t\t\t\t\t\t\tdata-color=\"rgba(119,119,119,1)\"\n\t\t\t\t\t\t\t\tdata-rsp_ch=\"on\"\n\t\t\t\t\t\t\t\tdata-xy=\"x:r;xo:480px;y:c;yo:-237px;\"\n\t\t\t\t\t\t\t\tdata-text=\"w:normal;s:30;l:30;fw:600;\"\n\t\t\t\t\t\t\t\tdata-dim=\"w:760px;\"\n\t\t\t\t\t\t\t\tdata-frame_0=\"tp:600;\"\n\t\t\t\t\t\t\t\tdata-frame_1=\"tp:600;e:power2.inOut;st:1200;sp:1030;\"\n\t\t\t\t\t\t\t\tdata-frame_999=\"o:0;tp:600;e:nothing;st:6010;\"\n\t\t\t\t\t\t\t\tstyle=\"z-index:5;font-family:'';\"\n\t\t\t\t\t\t\t>Human Plus agiert schnell und unb\u00fcrokratisch.\n \n\t\t\t\t\t\t\t<\/rs-layer><!--\n-->\t\t\t\t\t<\/rs-slide>\n\t\t\t\t\t\t<rs-slide style=\"position: absolute;\" data-key=\"rs-10\" data-title=\"Slide\" data-thumb=\"\/\/human-plus.de\/wp-content\/uploads\/2016\/07\/human-plus-home-slider10-100x50.jpg\" data-duration=\"6010.0006103515625\" data-anim=\"p:dark;\" data-in=\"o:0;\" data-out=\"o:0;\">\n\t\t\t\t\t\t\t<img decoding=\"async\" src=\"\/\/human-plus.de\/wp-content\/plugins\/revslider\/sr6\/assets\/assets\/dummy.png\" alt=\"\" title=\"Mission\" class=\"rev-slidebg tp-rs-img rs-lazyload\" data-lazyload=\"\/\/human-plus.de\/wp-content\/uploads\/2016\/07\/human-plus-home-slider10.jpg\" data-bg=\"f:contain;\" data-no-retina>\n<!--\n\t\t\t\t\t\t\t--><rs-layer\n\t\t\t\t\t\t\t\tid=\"slider-1-slide-10-layer-1\" \n\t\t\t\t\t\t\t\tdata-type=\"text\"\n\t\t\t\t\t\t\t\tdata-color=\"rgba(255,255,255,1)\"\n\t\t\t\t\t\t\t\tdata-rsp_ch=\"on\"\n\t\t\t\t\t\t\t\tdata-xy=\"x:r;xo:-509px;y:c;yo:-154px;\"\n\t\t\t\t\t\t\t\tdata-text=\"w:normal;s:30;l:30;fw:600;\"\n\t\t\t\t\t\t\t\tdata-dim=\"w:1012px;h:61px;\"\n\t\t\t\t\t\t\t\tdata-frame_0=\"tp:600;\"\n\t\t\t\t\t\t\t\tdata-frame_1=\"tp:600;e:power2.inOut;st:2480;sp:1060;\"\n\t\t\t\t\t\t\t\tdata-frame_999=\"o:0;tp:600;e:nothing;st:6010;\"\n\t\t\t\t\t\t\t\tstyle=\"z-index:5;font-family:'';\"\n\t\t\t\t\t\t\t>bei Krieg und Naturkatastrophen. \n\t\t\t\t\t\t\t<\/rs-layer><!--\n\n\t\t\t\t\t\t\t--><rs-layer\n\t\t\t\t\t\t\t\tid=\"slider-1-slide-10-layer-3\" \n\t\t\t\t\t\t\t\tdata-type=\"text\"\n\t\t\t\t\t\t\t\tdata-color=\"rgba(255,255,255,1)\"\n\t\t\t\t\t\t\t\tdata-rsp_ch=\"on\"\n\t\t\t\t\t\t\t\tdata-xy=\"x:r;xo:204px;y:117px;\"\n\t\t\t\t\t\t\t\tdata-text=\"w:normal;s:30;l:30;fw:600;\"\n\t\t\t\t\t\t\t\tdata-dim=\"w:671px;h:62px;\"\n\t\t\t\t\t\t\t\tdata-frame_0=\"tp:600;\"\n\t\t\t\t\t\t\t\tdata-frame_1=\"tp:600;e:power2.inOut;st:1200;sp:1030;\"\n\t\t\t\t\t\t\t\tdata-frame_999=\"o:0;tp:600;e:nothing;st:6010;\"\n\t\t\t\t\t\t\t\tstyle=\"z-index:6;font-family:'';\"\n\t\t\t\t\t\t\t>Human Plus leistet Hilfe vor Ort \n\t\t\t\t\t\t\t<\/rs-layer><!--\n-->\t\t\t\t\t<\/rs-slide>\n\t\t\t\t\t<\/rs-slides>\n\t\t\t\t<\/rs-module>\n\t\t\t\t<script>\n\t\t\t\t\tsetREVStartSize({c: 'rev_slider_1_1',rl:[1240,1024,768,480],el:[],gw:[1240],gh:[700],type:'carousel',justify:'',layout:'fullwidth',mh:\"0\"});if (window.RS_MODULES!==undefined && window.RS_MODULES.modules!==undefined && window.RS_MODULES.modules[\"revslider11\"]!==undefined) {window.RS_MODULES.modules[\"revslider11\"].once = false;window.revapi1 = undefined;if (window.RS_MODULES.checkMinimal!==undefined) window.RS_MODULES.checkMinimal()}\n\t\t\t\t<\/script>\n\t\t\t<\/rs-module-wrap>\n\t\t\t<!-- END REVOLUTION SLIDER -->\n<\/div><\/div><\/div><\/div><\/div><\/section><section class=\"l-section wpb_row height_small\"><div class=\"l-section-h i-cf\"><div class=\"g-cols vc_row via_flex valign_top type_default stacking_default\"><div class=\"vc_col-sm-12 wpb_column vc_column_container\"><div class=\"vc_column-inner\"><div class=\"wpb_wrapper\"><div class=\"wpb_text_column\"><div class=\"wpb_wrapper\"><h2>The Way we are going.<\/h2>\n<div class=\"item\">\n<div class=\"text\">The reason we founded Human Plus was not to create yet another charity. And it wasn&#8217;t because those responsible at Human Plus wished to fulfil their own desires. No. Human Plus was founded because all over the world there are people who desperately need help. And our job at Human Plus is to help these people. All members and partners of Human Plus have put their life and soul into this objective. They help through their personal commitment as well as by donating goods and money. Human Plus helps anywhere, Human Plus helps anyone. In the humanitarian aid sector, individual features such as skin colour, nationality, age, sex and family background must be completely irrelevant. Above all, our mission at Human Plus embraces two core tasks.<\/div>\n<\/div>\n<\/div><\/div><div class=\"w-separator size_medium\"><\/div><div class=\"wpb_text_column\"><div class=\"wpb_wrapper\"><div class=\"item\">\n<h2 class=\"text\">\u00a0<img loading=\"lazy\" decoding=\"async\" class=\"alignleft\" src=\"http:\/\/human-plus.de\/images\/mission_pic.jpg\" alt=\"\" width=\"318\" height=\"225\" border=\"0\" \/>Fast Aid<\/h2>\n<\/div>\n<div class=\"item\">\n<p class=\"text\">Human Plus helps victims of social, economic and war evils. The same applies to people who suffer distress as a result of natural disasters. Thanks to its lean personnel structure, Human Plus can act flexibly and individually without the often debilitating bureaucratic and administrative ties. Because when people are in distress, one thing is of tantamount importance: our help must get there fast.<\/p>\n<\/div>\n<\/div><\/div><div class=\"wpb_text_column\"><div class=\"wpb_wrapper\"><div class=\"item\">\n<h2>Development Assistance<\/h2>\n<div class=\"text\">For us at Human Plus, however, our commitment in the area of development assistance is equally important as fast aid. We at Human Plus understand this to mean &#8220;Helping others to help themselves&#8221;. This is not just about financial or material assistance. In fact, we strive to make sustainable improvements to the local living conditions. In order to provide sustained aid, it is essential that educational opportunities be created, modern medical care be provided and, of course, that the government as well as the industrial companies in a particular country will support our cause in the long run. Because development assistance can only provide the initial spark!<\/div>\n<\/div>\n<\/div><\/div><\/div><\/div><\/div><\/div><\/div><\/section><section class=\"l-section wpb_row height_small\"><div class=\"l-section-h i-cf\"><div class=\"g-cols vc_row via_flex valign_top type_default stacking_default\"><div class=\"vc_col-sm-6 wpb_column vc_column_container\"><div class=\"vc_column-inner\"><div class=\"wpb_wrapper\"><div class=\"wpb_text_column\"><div class=\"wpb_wrapper\"><h4>Have a little insight into our work with this Video:<\/h4>\n<\/div><\/div><\/div><\/div><\/div><div class=\"vc_col-sm-6 wpb_column vc_column_container\"><div class=\"vc_column-inner\"><div class=\"wpb_wrapper\"><div class=\"wpb_text_column\"><div class=\"wpb_wrapper\"><div style=\"width: 480px;\" class=\"wp-video\"><!--[if lt IE 9]><script>document.createElement('video');<\/script><![endif]-->\n<video class=\"wp-video-shortcode\" id=\"video-1316-1\" width=\"480\" height=\"272\" preload=\"metadata\" controls=\"controls\"><source type=\"video\/mp4\" src=\"http:\/\/wp.human-plus.de\/wp-content\/uploads\/2016\/06\/human_plus-Lokalzeit_klein.m4v?_=1\" \/><a href=\"http:\/\/wp.human-plus.de\/wp-content\/uploads\/2016\/06\/human_plus-Lokalzeit_klein.m4v\">http:\/\/wp.human-plus.de\/wp-content\/uploads\/2016\/06\/human_plus-Lokalzeit_klein.m4v<\/a><\/video><\/div>\n<\/div><\/div><\/div><\/div><\/div><\/div><\/div><\/section><section class=\"l-section wpb_row height_small\"><div class=\"l-section-h i-cf\"><div class=\"g-cols vc_row via_flex valign_top type_default stacking_default\"><div class=\"vc_col-sm-12 wpb_column vc_column_container\"><div class=\"vc_column-inner\"><div class=\"wpb_wrapper\"><\/div><\/div><\/div><\/div><\/div><\/section>\n","protected":false},"excerpt":{"rendered":"f\u00fcr Kinder in Krisengebieten. Human Plus engagiert sich Human Plus sorgt daf\u00fcr, dass Ihre Unterst\u00fctzung wirklich ankommt! mit Nahrung und Kleidung. Human Plus unterst\u00fctzt die Menschen in Krisengebieten in aller Welt Human Plus hilft weltweit. Human Plus hilft Menschen auf der Flucht. Human Plus agiert schnell und unb\u00fcrokratisch. bei Krieg und Naturkatastrophen. Human Plus leistet...","protected":false},"author":1,"featured_media":0,"parent":1147,"menu_order":0,"comment_status":"closed","ping_status":"closed","template":"","meta":{"footnotes":""},"_links":{"self":[{"href":"https:\/\/human-plus.de\/en\/wp-json\/wp\/v2\/pages\/1316"}],"collection":[{"href":"https:\/\/human-plus.de\/en\/wp-json\/wp\/v2\/pages"}],"about":[{"href":"https:\/\/human-plus.de\/en\/wp-json\/wp\/v2\/types\/page"}],"author":[{"embeddable":true,"href":"https:\/\/human-plus.de\/en\/wp-json\/wp\/v2\/users\/1"}],"replies":[{"embeddable":true,"href":"https:\/\/human-plus.de\/en\/wp-json\/wp\/v2\/comments?post=1316"}],"version-history":[{"count":2,"href":"https:\/\/human-plus.de\/en\/wp-json\/wp\/v2\/pages\/1316\/revisions"}],"predecessor-version":[{"id":2910,"href":"https:\/\/human-plus.de\/en\/wp-json\/wp\/v2\/pages\/1316\/revisions\/2910"}],"up":[{"embeddable":true,"href":"https:\/\/human-plus.de\/en\/wp-json\/wp\/v2\/pages\/1147"}],"wp:attachment":[{"href":"https:\/\/human-plus.de\/en\/wp-json\/wp\/v2\/media?parent=1316"}],"curies":[{"name":"wp","href":"https:\/\/api.w.org\/{rel}","templated":true}]}}