{"id":1313,"date":"2016-07-14T08:42:34","date_gmt":"2016-07-14T08:42:34","guid":{"rendered":"http:\/\/wp.human-plus.de\/en\/?page_id=1313"},"modified":"2019-08-01T06:25:35","modified_gmt":"2019-08-01T06:25:35","slug":"imprint","status":"publish","type":"page","link":"https:\/\/human-plus.de\/en\/imprint\/","title":{"rendered":"Imprint"},"content":{"rendered":"<section class=\"l-section wpb_row height_small\"><div class=\"l-section-h i-cf\"><div class=\"g-cols vc_row via_flex valign_top type_default stacking_default\"><div class=\"vc_col-sm-6 wpb_column vc_column_container\"><div class=\"vc_column-inner\"><div class=\"wpb_wrapper\"><div class=\"wpb_text_column\"><div class=\"wpb_wrapper\"><h4>Anbieterinformationen<\/h4>\n<p>&nbsp;<\/p>\n<p><img loading=\"lazy\" decoding=\"async\" class=\"alignnone wp-image-10 size-medium\" src=\"http:\/\/wp.human-plus.de\/wp-content\/uploads\/2016\/06\/humanplus_logo-300x90.png\" alt=\"humanplus_logo\" width=\"300\" height=\"90\" srcset=\"https:\/\/human-plus.de\/wp-content\/uploads\/2016\/06\/humanplus_logo-300x90.png 300w, https:\/\/human-plus.de\/wp-content\/uploads\/2016\/06\/humanplus_logo.png 425w\" sizes=\"(max-width: 300px) 100vw, 300px\" \/><\/p>\n<p>Human Plus e.V.<br \/>\nRosental 21<br \/>\n41334 Nettetal<br \/>\nDeutschland<\/p>\n<p>Tel.:\u00a0\u00a0\u00a0\u00a0 +49 (0) 21 53 139 72 62<br \/>\nFax:\u00a0\u00a0 \u00a0 +49 (0) 21 53 139 72 63<br \/>\n<a href=\"http:\/\/human-plus.de\">www.human-plus.org<\/a><br \/>\n<a href=\"mailto:info@human-plus.org\">info@human-plus.org<\/a><br \/>\n<a href=\"http:\/\/wp.human-plus.de\/kontakt\/\">Kontaktformular anzeigen<\/a><\/p>\n<\/div><\/div><\/div><\/div><\/div><div class=\"vc_col-sm-6 wpb_column vc_column_container\"><div class=\"vc_column-inner\"><div class=\"wpb_wrapper\"><div class=\"wpb_text_column\"><div class=\"wpb_wrapper\"><h4>Agentur<\/h4>\n<p>&nbsp;<\/p>\n<p>Konzept und Realisation:<\/p>\n<p><img loading=\"lazy\" decoding=\"async\" class=\"alignnone wp-image-484 size-medium\" src=\"http:\/\/human-plus.de\/wp-content\/uploads\/2016\/06\/FLUID_LOGO-300x140.png\" alt=\"FLUID_LOGO\" width=\"300\" height=\"140\" srcset=\"https:\/\/human-plus.de\/wp-content\/uploads\/2016\/06\/FLUID_LOGO-300x140.png 300w, https:\/\/human-plus.de\/wp-content\/uploads\/2016\/06\/FLUID_LOGO-768x357.png 768w, https:\/\/human-plus.de\/wp-content\/uploads\/2016\/06\/FLUID_LOGO-1024x476.png 1024w, https:\/\/human-plus.de\/wp-content\/uploads\/2016\/06\/FLUID_LOGO-600x279.png 600w, https:\/\/human-plus.de\/wp-content\/uploads\/2016\/06\/FLUID_LOGO.png 1572w\" sizes=\"(max-width: 300px) 100vw, 300px\" \/><\/p>\n<p>FLUID Strategische Kommunikation, K\u00f6ln<br \/>\n<a href=\"http:\/\/www.fluid-sk.de\" target=\"_blank\" rel=\"noopener noreferrer\">www.fluid-sk.de<\/a><\/p>\n<\/div><\/div><\/div><\/div><\/div><\/div><\/div><\/section><section class=\"l-section wpb_row height_small\"><div class=\"l-section-h i-cf\"><div class=\"g-cols vc_row via_flex valign_top type_default stacking_default\"><div class=\"vc_col-sm-12 wpb_column vc_column_container\"><div class=\"vc_column-inner\"><div class=\"wpb_wrapper\"><div class=\"wpb_text_column\"><div class=\"wpb_wrapper\"><h4>Rechtliche Angaben<\/h4>\n<p>Gesch\u00e4ftsf\u00fchrender Vorstand: Anestis Ioannidis (<a href=\"mailto:info@human-plus.de\">info@human-plus.de<\/a>)<br \/>\nRegistergericht: Krefeld Registernummer: VR 4149<br \/>\nInhaltlich Verantwortlicher gem\u00e4\u00df TMG: Anestis Ioannidis (<a href=\"mailto:info@human-plus.de\">info@human-plus.de<\/a>)<\/p>\n<p>Aufsichtsratsvorsitzender: Walter Grieger<br \/>\nVertreter: Walter Grieger<\/p>\n<h4>Beiratsvorsitzender<strong>:<\/strong><\/h4>\n<p>Dr. Clemens Prokop<\/p>\n<h4>Bildquellen und -rechte<\/h4>\n<p>Die Fotos, Bilder und Illustration sind zum Teil \u00a9 luxxmail@gmx.de \/\/ photocase.de<br \/>\nDas Human Plus Logo ist Eigentum des Human Plus e.V., Nettetal.<\/p>\n<p>&nbsp;<\/p>\n<h4>Weitere Informationen<\/h4>\n<p>&nbsp;<\/p>\n<h4>Allgemeine Nutzungsbedingungen f\u00fcr Human Plus<\/h4>\n<ol>\n<li><strong>Informationen zum Urheberrecht<\/strong><\/li>\n<\/ol>\n<p>Alle Informationen dieser Web-Seite werden wie angegeben ohne Anspruch auf Richtigkeit, Vollst\u00e4ndigkeit oder Aktualit\u00e4t zur Verf\u00fcgung gestellt.<\/p>\n<p>Wenn nicht ausdr\u00fccklich anderweitig in dieser Publikation zu verstehen gegeben, und zwar in Zusammenhang mit einem bestimmten Ausschnitt, einer Datei, oder einem Dokument, ist jedermann dazu berechtigt, dieses Dokument anzusehen, zu kopieren, zu drucken und zu verteilen, unter den folgenden Bedingungen:<\/p>\n<p>Das Dokument darf nur f\u00fcr nichtkommerzielle Informationszwecke genutzt werden. Jede Kopie dieses Dokuments oder eines Teils davon muss diese urheberrechtliche Erkl\u00e4rung und das urheberrechtliche Schutzzeichen des Betreibers enthalten. Das Dokument, jede Kopie des Dokuments oder eines Teils davon d\u00fcrfen nicht ohne schriftliche Zustimmung des Betreibers ver\u00e4ndert werden. Der Betreiber beh\u00e4lt sich das Recht vor, diese Genehmigung jederzeit zu widerrufen, und jede Nutzung muss sofort eingestellt werden, sobald eine schriftliche Bekanntmachung seitens des Betreibers ver\u00f6ffentlicht wird.<\/p>\n<ol start=\"2\">\n<li><strong>Vertragliche Zusicherungen und Verzichterkl\u00e4rungen<\/strong><\/li>\n<\/ol>\n<p>Die Website Human Plus steht Ihnen &#8211; soweit nicht anders vereinbart &#8211; kostenlos zur Verf\u00fcgung. Die Betreiber \u00fcbernehmen keinerlei Gew\u00e4hr f\u00fcr Richtigkeit der enthaltenen Informationen, Verf\u00fcgbarkeit der Dienste, Verlust von auf Human Plus abgespeicherten Daten oder Nutzbarkeit f\u00fcr irgendeinen bestimmten Zweck.<\/p>\n<p>Die Betreiber haften auch nicht f\u00fcr Folgesch\u00e4den, die auf einer Nutzung des Angebotes beruhen.<\/p>\n<p>Soweit ein Haftungsausschluss nicht in Betracht kommt, haften die Betreiber lediglich f\u00fcr grobe Fahrl\u00e4ssigkeit und Vorsatz. Produkt- und Firmennamen sind Marken der jeweiligen Eigent\u00fcmer und werden auf diesen Seiten ausschlie\u00dflich zu Informationszwecken eingesetzt.<\/p>\n<p>Diese Publikation k\u00f6nnte technische oder andere Ungenauigkeiten enthalten oder Schreib-\/Tippfehler. Von Zeit zu Zeit werden der vorliegenden Information \u00c4nderungen hinzugef\u00fcgt; diese \u00c4nderungen werden in neuen Ausgaben der Publikation eingef\u00fcgt. Der Betreiber kann jederzeit Verbesserungen und\/oder Ver\u00e4nderungen an den Angeboten vornehmen, die in dieser Publikation beschrieben werden.<\/p>\n<ol start=\"3\">\n<li><strong>Erkl\u00e4rung zum Datenschutz (Privacy Policy)<\/strong><\/li>\n<\/ol>\n<p>Sofern innerhalb des Internetangebotes die M\u00f6glichkeit zur Eingabe pers\u00f6nlicher oder gesch\u00e4ftlicher Daten genutzt wird, so erfolgt die Preisgabe dieser Daten seitens des Nutzers auf ausdr\u00fccklich freiwilliger Basis. Die Inanspruchnahme unseres Dienstes ist &#8211; soweit technisch m\u00f6glich und zumutbar &#8211; auch ohne Angabe solcher Daten bzw. unter Angabe anonymisierter Daten oder eines Pseudonyms gestattet. Weitere wichtige Informationen zum Thema Datenschutz finden sich in unserer Erkl\u00e4rung zum Datenschutz (Privacy Policy).<\/p>\n<h4>Rechtswirksamkeit<\/h4>\n<p>Diese Allgemeinen Nutzungsbedingungen beziehen sich auf Human Plus.<\/p>\n<p>Sofern Teile oder einzelne Formulierungen dieses Textes der geltenden Rechtslage nicht, nicht mehr oder nicht vollst\u00e4ndig entsprechen sollten, bleiben die \u00fcbrigen Teile des Dokumentes in ihrem Inhalt und ihrer G\u00fcltigkeit davon unber\u00fchrt.<\/p>\n<p>&nbsp;<\/p>\n<h4>Haftungsausschluss (Disclaimer) f\u00fcr Human Plus<\/h4>\n<ol>\n<li><strong>Inhalt des Onlineangebotes<\/strong><\/li>\n<\/ol>\n<p>Der Autor \u00fcbernimmt keinerlei Gew\u00e4hr f\u00fcr die Aktualit\u00e4t, Korrektheit, Vollst\u00e4ndigkeit oder Qualit\u00e4t der bereitgestellten Informationen. Haftungsanspr\u00fcche gegen den Autor, welche sich auf Sch\u00e4den materieller oder ideeller Art beziehen, die durch die Nutzung oder Nichtnutzung der dargebotenen Informationen bzw. durch die Nutzung fehlerhafter und unvollst\u00e4ndiger Informationen verursacht wurden, sind grunds\u00e4tzlich ausgeschlossen, sofern seitens des Autors kein nachweislich vors\u00e4tzliches oder grob fahrl\u00e4ssiges Verschulden vorliegt.<\/p>\n<p>Alle Angebote sind freibleibend und unverbindlich. Der Autor beh\u00e4lt es sich ausdr\u00fccklich vor, Teile der Seiten oder das gesamte Angebot ohne gesonderte Ank\u00fcndigung zu ver\u00e4ndern, zu erg\u00e4nzen, zu l\u00f6schen oder die Ver\u00f6ffentlichung zeitweise oder endg\u00fcltig einzustellen.<\/p>\n<ol start=\"2\">\n<li><strong>Verweise und Links<\/strong><\/li>\n<\/ol>\n<p>Bei direkten oder indirekten Verweisen auf fremde Webseiten (&#8220;Hyperlinks&#8221;), die au\u00dferhalb des Verantwortungsbereiches des Autors liegen, w\u00fcrde eine Haftungsverpflichtung ausschlie\u00dflich in dem Fall in Kraft treten, in dem der Autor von den Inhalten Kenntnis hat und es ihm technisch m\u00f6glich und zumutbar w\u00e4re, die Nutzung im Falle rechtswidriger Inhalte zu verhindern.<\/p>\n<p>Der Autor erkl\u00e4rt hiermit ausdr\u00fccklich, dass zum Zeitpunkt der Linksetzung keine illegalen Inhalte auf den zu verlinkenden Seiten erkennbar waren. Auf die aktuelle und zuk\u00fcnftige Gestaltung, die Inhalte oder die Urheberschaft der verlinkten\/verkn\u00fcpften Seiten hat der Autor keinerlei Einfluss. Deshalb distanziert er sich hiermit ausdr\u00fccklich von allen Inhalten aller verlinkten \/verkn\u00fcpften Seiten, die nach der Linksetzung ver\u00e4ndert wurden. Diese Feststellung gilt f\u00fcr alle innerhalb des eigenen Internetangebotes gesetzten Links und Verweise sowie f\u00fcr Fremdeintr\u00e4ge in vom Autor eingerichteten G\u00e4steb\u00fcchern, Diskussionsforen, Linkverzeichnissen, Mailinglisten und in allen anderen Formen von Datenbanken, auf deren Inhalt externe Schreibzugriffe m\u00f6glich sind. F\u00fcr illegale, fehlerhafte oder unvollst\u00e4ndige Inhalte und insbesondere f\u00fcr Sch\u00e4den, die aus der Nutzung oder Nichtnutzung solcherart dargebotener Informationen entstehen, haftet allein der Anbieter der Seite, auf welche verwiesen wurde, nicht derjenige, der \u00fcber Links auf die jeweilige Ver\u00f6ffentlichung lediglich verweist.<\/p>\n<ol start=\"3\">\n<li><strong>Urheber- und Kennzeichenrecht<\/strong><\/li>\n<\/ol>\n<p>Der Autor ist bestrebt, in allen Publikationen die Urheberrechte der verwendeten Bilder, Grafiken, Tondokumente, Videosequenzen und Texte zu beachten, von ihm selbst erstellte Bilder, Grafiken, Tondokumente, Videosequenzen und Texte zu nutzen oder auf lizenzfreie Grafiken, Tondokumente, Videosequenzen und Texte zur\u00fcckzugreifen.<\/p>\n<p>Alle innerhalb des Internetangebotes genannten und ggf. durch Dritte gesch\u00fctzten Marken- und Warenzeichen unterliegen uneingeschr\u00e4nkt den Bestimmungen des jeweils g\u00fcltigen Kennzeichenrechts und den Besitzrechten der jeweiligen eingetragenen Eigent\u00fcmer. Allein aufgrund der blo\u00dfen Nennung ist nicht der Schluss zu ziehen, dass Markenzeichen nicht durch Rechte Dritter gesch\u00fctzt sind!<\/p>\n<p>Das Copyright f\u00fcr ver\u00f6ffentlichte, vom Autor selbst erstellte Objekte bleibt allein beim Autor der Seiten. Eine Vervielf\u00e4ltigung oder Verwendung solcher Grafiken, Tondokumente, Videosequenzen und Texte in anderen elektronischen oder gedruckten Publikationen ist ohne ausdr\u00fcckliche Zustimmung des Autors nicht gestattet.<\/p>\n<ol start=\"4\">\n<li><strong>Rechtswirksamkeit dieses Haftungsausschlusses<\/strong><\/li>\n<\/ol>\n<p>Dieser Haftungsausschluss ist als Teil des Internetangebotes zu betrachten, von dem aus auf diese Seite verwiesen wurde. Sofern Teile oder einzelne Formulierungen dieses Textes der geltenden Rechtslage nicht, nicht mehr oder nicht vollst\u00e4ndig entsprechen sollten, bleiben die \u00fcbrigen Teile des Dokumentes in ihrem Inhalt und ihrer G\u00fcltigkeit davon unber\u00fchrt.<\/p>\n<p>Trotz sorgf\u00e4ltiger inhaltlicher Kontrolle \u00fcbernehmen wir keine Haftung f\u00fcr die Inhalte externer Links. F\u00fcr den Inhalt der verlinkten Seiten sind ausschlie\u00dflich deren Betreiber verantwortlich.Alle hier verwendeten Namen, Begriffe, Zeichen und Grafiken k\u00f6nnen Marken- oder Warenzeichen im Besitze ihrer rechtlichen Eigent\u00fcmer sein. Die Rechte aller erw\u00e4hnten und benutzten Marken- und Warenzeichen liegen ausschlie\u00dflich bei deren Besitzern.<\/p>\n<\/div><\/div><\/div><\/div><\/div><\/div><\/div><\/section>\n","protected":false},"excerpt":{"rendered":"Anbieterinformationen &nbsp; Human Plus e.V. Rosental 21 41334 Nettetal Deutschland Tel.:\u00a0\u00a0\u00a0\u00a0 +49 (0) 21 53 139 72 62 Fax:\u00a0\u00a0 \u00a0 +49 (0) 21 53 139 72 63 www.human-plus.org info@human-plus.org Kontaktformular anzeigen Agentur &nbsp; Konzept und Realisation: FLUID Strategische Kommunikation, K\u00f6ln www.fluid-sk.de Rechtliche Angaben Gesch\u00e4ftsf\u00fchrender Vorstand: Anestis Ioannidis (info@human-plus.de) Registergericht: Krefeld Registernummer: VR 4149 Inhaltlich Verantwortlicher...","protected":false},"author":1,"featured_media":0,"parent":0,"menu_order":0,"comment_status":"closed","ping_status":"closed","template":"","meta":{"footnotes":""},"_links":{"self":[{"href":"https:\/\/human-plus.de\/en\/wp-json\/wp\/v2\/pages\/1313"}],"collection":[{"href":"https:\/\/human-plus.de\/en\/wp-json\/wp\/v2\/pages"}],"about":[{"href":"https:\/\/human-plus.de\/en\/wp-json\/wp\/v2\/types\/page"}],"author":[{"embeddable":true,"href":"https:\/\/human-plus.de\/en\/wp-json\/wp\/v2\/users\/1"}],"replies":[{"embeddable":true,"href":"https:\/\/human-plus.de\/en\/wp-json\/wp\/v2\/comments?post=1313"}],"version-history":[{"count":5,"href":"https:\/\/human-plus.de\/en\/wp-json\/wp\/v2\/pages\/1313\/revisions"}],"predecessor-version":[{"id":4219,"href":"https:\/\/human-plus.de\/en\/wp-json\/wp\/v2\/pages\/1313\/revisions\/4219"}],"wp:attachment":[{"href":"https:\/\/human-plus.de\/en\/wp-json\/wp\/v2\/media?parent=1313"}],"curies":[{"name":"wp","href":"https:\/\/api.w.org\/{rel}","templated":true}]}}