{"id":1282,"date":"2016-06-23T09:21:15","date_gmt":"2016-06-23T09:21:15","guid":{"rendered":"http:\/\/wp.human-plus.de\/en\/?page_id=1282"},"modified":"2019-02-22T09:47:47","modified_gmt":"2019-02-22T09:47:47","slug":"eritrea-aid","status":"publish","type":"page","link":"https:\/\/human-plus.de\/en\/projects\/eritrea-aid\/","title":{"rendered":"Eritrea Aid"},"content":{"rendered":"<section class=\"l-section wpb_row height_small\"><div class=\"l-section-h i-cf\"><div class=\"g-cols vc_row via_flex valign_top type_default stacking_default\"><div class=\"vc_col-sm-12 wpb_column vc_column_container\"><div class=\"vc_column-inner\"><div class=\"wpb_wrapper\"><div class=\"wpb_text_column\"><div class=\"wpb_wrapper\"><h4>Eritrea-Hilfe<\/h4>\n<h2>Human Plus hilft For Eritrea<\/h2>\n<\/div><\/div><\/div><\/div><\/div><\/div><\/div><\/section><section class=\"l-section wpb_row height_small\"><div class=\"l-section-h i-cf\"><div class=\"g-cols vc_row via_flex valign_top type_default stacking_default\"><div class=\"vc_col-sm-12 wpb_column vc_column_container\"><div class=\"vc_column-inner\"><div class=\"wpb_wrapper\"><div class=\"wpb_text_column\"><div class=\"wpb_wrapper\"><p><img loading=\"lazy\" decoding=\"async\" class=\"size-medium wp-image-242 alignleft\" src=\"http:\/\/wp.human-plus.de\/wp-content\/uploads\/2016\/06\/human-plus-eritrea_1-300x158.jpg\" alt=\"human-plus-eritrea_1\" width=\"300\" height=\"158\" srcset=\"https:\/\/human-plus.de\/wp-content\/uploads\/2016\/06\/human-plus-eritrea_1-300x158.jpg 300w, https:\/\/human-plus.de\/wp-content\/uploads\/2016\/06\/human-plus-eritrea_1-600x316.jpg 600w, https:\/\/human-plus.de\/wp-content\/uploads\/2016\/06\/human-plus-eritrea_1.jpg 630w\" sizes=\"(max-width: 300px) 100vw, 300px\" \/>Eritrea liegt am Horn von Afrika, am roten Meer, umgeben von Sudan, \u00c4thiopien und Dschibuti.<br \/>\nDas Land, in der Vergangenheit jahrzehntelang gebeutelt von Krieg und Notstand, ist eine der \u00e4rmsten Nationen der Welt.<\/p>\n<\/div><\/div><\/div><\/div><\/div><\/div><\/div><\/section><section class=\"l-section wpb_row height_small\"><div class=\"l-section-h i-cf\"><div class=\"g-cols vc_row via_flex valign_top type_default stacking_default\"><div class=\"vc_col-sm-12 wpb_column vc_column_container\"><div class=\"vc_column-inner\"><div class=\"wpb_wrapper\"><div class=\"w-video align_none ratio_16x9\"><div class=\"w-video-h\"><iframe loading=\"lazy\" title=\"Clip 3 - The Project - Medical Support &#039;For Eritrea&#039;\" src=\"https:\/\/player.vimeo.com\/video\/80676570?dnt=1&amp;app_id=122963\" width=\"640\" height=\"360\" frameborder=\"0\" allow=\"autoplay; fullscreen\" allowfullscreen><\/iframe><\/div><div class=\"w-video-icon\" style=\"font-size:1.5rem;background:rgba(0,0,0,0.5);color:#fff\"><\/div><\/div><\/div><\/div><\/div><\/div><\/div><\/section><section class=\"l-section wpb_row height_auto\"><div class=\"l-section-h i-cf\"><div class=\"g-cols vc_row via_flex valign_top type_default stacking_default\"><div class=\"vc_col-sm-12 wpb_column vc_column_container\"><div class=\"vc_column-inner\"><div class=\"wpb_wrapper\"><div class=\"wpb_text_column\"><div class=\"wpb_wrapper\"><p>Das Gesundheitssystem des Landes wurde im 30j\u00e4hrigen Befreiungskampf mit \u00c4thiopien komplett zerst\u00f6rt.<br \/>\nSeit seiner Unabh\u00e4ngigkeit 1993 hat Eritrea in vielen Bereichen gro\u00dfe Fortschritte erzielen k\u00f6nnen, k\u00e4mpft aber weiterhin mit den Folgen von Fremdbestimmung und Krieg, dem Mangel an Fachkr\u00e4ften (\u00c4rzte, Krankenpfleger, Techniker) und Ressourcen (Mittel f\u00fcr Ger\u00e4te, Medikamente, Infrastruktur).<br \/>\nAbwanderung, internationale Sanktionen und die instabile Lage in der Region sind weitere Faktoren, die das Land schw\u00e4chen.<\/p>\n<p>Auf 4,5 Millionen Einwohner kommen weniger als 200 \u00c4rzte (im Vgl. Hamburg: 14 000 \u00c4rzte auf 1,7 Millionen Einwohner).<br \/>\nFor Eritrea \/ Human Plus arbeitet gemeinsam mit lokalen Verwantwortungstr\u00e4gern und anderen Organisationen (Eritrea Hilfswerk in Deutschland (EHD), Hammer Forum, Archemed, Medcare for People in Eritrea), um die gesundheitliche Situation der Menschen im Land zu verbessern.<\/p>\n<\/div><\/div><\/div><\/div><\/div><\/div><\/div><\/section><section class=\"l-section wpb_row height_small\"><div class=\"l-section-h i-cf\"><div class=\"g-cols vc_row via_flex valign_top type_default stacking_default\"><div class=\"vc_col-sm-12 wpb_column vc_column_container\"><div class=\"vc_column-inner\"><div class=\"wpb_wrapper\"><div class=\"wpb_text_column\"><div class=\"wpb_wrapper\"><p><strong>Unsere Ziele<\/strong><\/p>\n<ul>\n<li><strong>Medizinische Hilfe f\u00fcr eritreische Frauen und M\u00fctter<\/strong><br \/>\nViele eritreische Frauen sterben an vermeidbaren, geburtshilflichen Komplikationen. Mediale Aufmerksamkeit gibt es daf\u00fcr keine.<br \/>\nDie Frauen bekommen im Durchschnitt ca. 4-5 Kinder und spielen eine zentrale Rolle im sozialen Versorgungssystem Eritreas.<\/li>\n<li><strong>Versorgung, Ausbildung &amp; Infrastruktur<\/strong><br \/>\nUm \u201anachhaltig\u2018 helfen zu k\u00f6nnen, behandeln wir w\u00e4hrend unserer Aufenthalte Frauen und bem\u00fchen uns gleichzeitig um die Aus- und Weiterbildung der jungen \u00c4rzte und des Pflegepersonals. Bei jedem Einsatz versuchen wir die Bedingungen im OP zu verbessern: z.B. durch neue OP-Instrumente, Reparatur des Instrumentariums, Installation von flie\u00dfendem Wasser im OP-Bereich, Erneuerung \/ Verbesserung der technischen Ausstattung etc.<br \/>\nSeit 2012 wurden 140 Frauen operiert, 1\/3 davon mit Tumorerkrankungen. In der landesweit gr\u00f6\u00dften Klinik, dem Orotta National Referral Hospital, in der Hauptstadt Asmara, finden pro Jahr ca. 10 000 Geburten statt. Da mit einer hohen Geburtenrate auch eine hohe Anzahl an Komplikationen einhergeht, ist die geburtshilfliche Aus- und Weiterbildung besonders wichtig.<br \/>\nNeben der Gyn\u00e4kologie \/ Geburtshilfe und zur Abdeckung der \u201eRundum Versorgung\u201c haben wir die An\u00e4sthesie, die Pathologie und Onkologie mit in unsere Initiative einbezogen.<\/li>\n<li><strong>Gesundheit &amp; Entwicklung f\u00fcr Frauen und M\u00fctter<\/strong><br \/>\nZu tragf\u00e4higen Modellen in der Gesundheitsentwicklung geh\u00f6ren langfristige Ausbildungskonzepte und eine partnerschaftliche Zusammenarbeit. Seit 2012 kooperiert For Eritrea\/Human Plus eng mit dem Orotta Hospital, der Orotta Medical School und dem Asmara College of Health Sciences (ACHS), um die Ausbildung der Fach\u00e4rzte, Krankenpfleger und Hebammen zu verbessern.<br \/>\nIm M\u00e4rz 2015 konnten wir ein \u201aMemorandum of Understanding\u2018 zwischen dem Asmara College of Health Sciences (ACHS) und unserer Initiative For Eritrea \u2013 Medical Support in Partnership unterzeichnen, welches dem College u.a. theoretisch und praktisches Unterrichtsmaterial zur Verf\u00fcgung stellt.<\/li>\n<li><strong>Krebsvorsorge und Behandlung<\/strong><br \/>\n2014 wurde mit der Planung des ersten Dysplasie Zentrums (Krebsvorsorge und Fr\u00fcherkennung) in Eritrea begonnen, das im September 2015 er\u00f6ffnet werden konnte.<br \/>\nIn dem von unserem Team geplanten Onkologie-Projekt wird den gyn\u00e4kologischen Patientinnen, das hei\u00dft in erster Linie Frauen mit operiertem Zervix- oder Brustkarzinom, eine erg\u00e4nzende Chemotherapie angeboten. Die ausgew\u00e4hlten Therapien sind leicht durchzuf\u00fchren und werden im Allgemeinen von den Patientinnen gut vertragen. Die unkomplizierte Handhabung der chemotherapeutischen Medikamente erlaubt es uns, mit einem geringen technischen Aufwand auch in Eritrea diese Therapien durchzuf\u00fchren.<\/li>\n<\/ul>\n<\/div><\/div><\/div><\/div><\/div><\/div><\/div><\/section><section class=\"l-section wpb_row height_small\"><div class=\"l-section-h i-cf\"><div class=\"g-cols vc_row via_flex valign_top type_default stacking_default\"><div class=\"vc_col-sm-12 wpb_column vc_column_container\"><div class=\"vc_column-inner\"><div class=\"wpb_wrapper\"><div class=\"w-image align_none\"><div class=\"w-image-h\"><img decoding=\"async\" width=\"630\" height=\"364\" src=\"https:\/\/human-plus.de\/wp-content\/uploads\/2019\/02\/humna-plus-eritrea_2.jpg\" class=\"attachment-full size-full\" alt=\"\" loading=\"lazy\" srcset=\"https:\/\/human-plus.de\/wp-content\/uploads\/2019\/02\/humna-plus-eritrea_2.jpg 630w, https:\/\/human-plus.de\/wp-content\/uploads\/2019\/02\/humna-plus-eritrea_2-300x173.jpg 300w, https:\/\/human-plus.de\/wp-content\/uploads\/2019\/02\/humna-plus-eritrea_2-600x347.jpg 600w\" sizes=\"(max-width: 630px) 100vw, 630px\" \/><\/div><\/div><\/div><\/div><\/div><\/div><\/div><\/section><section class=\"l-section wpb_row height_small\"><div class=\"l-section-h i-cf\"><div class=\"g-cols vc_row via_flex valign_top type_default stacking_default\"><div class=\"vc_col-sm-12 wpb_column vc_column_container\"><div class=\"vc_column-inner\"><div class=\"wpb_wrapper\"><div class=\"wpb_text_column\"><div class=\"wpb_wrapper\"><div class=\"blog\">\n<div class=\"items-row cols-1 row-0\">\n<div class=\"item column-1\">\n<p>Mit Ihrer Spende helfen Sie uns, weiter an einer positiven Entwicklung arbeiten zu k\u00f6nnen.<br \/>\nMehr Informationen und Neuigkeiten finden Sie hier: <a title=\"Zu &quot;for-eritrea.org&quot;\" href=\"http:\/\/www.for-eritrea.org\" target=\"_blank\" rel=\"noopener noreferrer\">www.for-eritrea.org<\/a><\/p>\n<\/div>\n<\/div>\n<\/div>\n<p><center><\/center><\/p>\n<\/div><\/div><\/div><\/div><\/div><\/div><\/div><\/section>\n","protected":false},"excerpt":{"rendered":"Eritrea-Hilfe Human Plus hilft For Eritrea Eritrea liegt am Horn von Afrika, am roten Meer, umgeben von Sudan, \u00c4thiopien und Dschibuti. Das Land, in der Vergangenheit jahrzehntelang gebeutelt von Krieg und Notstand, ist eine der \u00e4rmsten Nationen der Welt. Das Gesundheitssystem des Landes wurde im 30j\u00e4hrigen Befreiungskampf mit \u00c4thiopien komplett zerst\u00f6rt. Seit seiner Unabh\u00e4ngigkeit 1993...","protected":false},"author":1,"featured_media":0,"parent":1277,"menu_order":0,"comment_status":"closed","ping_status":"closed","template":"","meta":{"footnotes":""},"_links":{"self":[{"href":"https:\/\/human-plus.de\/en\/wp-json\/wp\/v2\/pages\/1282"}],"collection":[{"href":"https:\/\/human-plus.de\/en\/wp-json\/wp\/v2\/pages"}],"about":[{"href":"https:\/\/human-plus.de\/en\/wp-json\/wp\/v2\/types\/page"}],"author":[{"embeddable":true,"href":"https:\/\/human-plus.de\/en\/wp-json\/wp\/v2\/users\/1"}],"replies":[{"embeddable":true,"href":"https:\/\/human-plus.de\/en\/wp-json\/wp\/v2\/comments?post=1282"}],"version-history":[{"count":7,"href":"https:\/\/human-plus.de\/en\/wp-json\/wp\/v2\/pages\/1282\/revisions"}],"predecessor-version":[{"id":3836,"href":"https:\/\/human-plus.de\/en\/wp-json\/wp\/v2\/pages\/1282\/revisions\/3836"}],"up":[{"embeddable":true,"href":"https:\/\/human-plus.de\/en\/wp-json\/wp\/v2\/pages\/1277"}],"wp:attachment":[{"href":"https:\/\/human-plus.de\/en\/wp-json\/wp\/v2\/media?parent=1282"}],"curies":[{"name":"wp","href":"https:\/\/api.w.org\/{rel}","templated":true}]}}