{"id":1274,"date":"2016-06-23T09:20:46","date_gmt":"2016-06-23T09:20:46","guid":{"rendered":"http:\/\/wp.human-plus.de\/en\/?page_id=1274"},"modified":"2019-02-22T09:33:41","modified_gmt":"2019-02-22T09:33:41","slug":"tajikistan-hilfe","status":"publish","type":"page","link":"https:\/\/human-plus.de\/en\/projects\/tajikistan-hilfe\/","title":{"rendered":"Tajikistan-Hilfe"},"content":{"rendered":"<section class=\"l-section wpb_row height_small\"><div class=\"l-section-h i-cf\"><div class=\"g-cols vc_row via_flex valign_top type_default stacking_default\"><div class=\"vc_col-sm-12 wpb_column vc_column_container\"><div class=\"vc_column-inner\"><div class=\"wpb_wrapper\"><div class=\"wpb_text_column\"><div class=\"wpb_wrapper\"><h4>Tajikistan-Hilfe<\/h4>\n<h2>Human Plus hilft TajikAID<\/h2>\n<\/div><\/div><\/div><\/div><\/div><\/div><\/div><\/section><section class=\"l-section wpb_row height_small\"><div class=\"l-section-h i-cf\"><div class=\"g-cols vc_row via_flex valign_top type_default stacking_default\"><div class=\"vc_col-sm-12 wpb_column vc_column_container\"><div class=\"vc_column-inner\"><div class=\"wpb_wrapper\"><div class=\"wpb_text_column\"><div class=\"wpb_wrapper\"><p><img loading=\"lazy\" decoding=\"async\" class=\"alignleft wp-image-222 size-medium\" src=\"http:\/\/human-plus.de\/wp-content\/uploads\/2016\/06\/human-plus-tajikistan_1-300x201.jpg\" alt=\"human-plus-tajikistan_1\" width=\"300\" height=\"201\" srcset=\"https:\/\/human-plus.de\/wp-content\/uploads\/2016\/06\/human-plus-tajikistan_1-300x201.jpg 300w, https:\/\/human-plus.de\/wp-content\/uploads\/2016\/06\/human-plus-tajikistan_1-768x515.jpg 768w, https:\/\/human-plus.de\/wp-content\/uploads\/2016\/06\/human-plus-tajikistan_1-600x400.jpg 600w, https:\/\/human-plus.de\/wp-content\/uploads\/2016\/06\/human-plus-tajikistan_1.jpg 900w\" sizes=\"(max-width: 300px) 100vw, 300px\" \/>Das seit dem Jahr 2009 bestehende Projekt TajikAid realisiert in dem zentralasiatischen Land Tadschikistan eine umfassende Hilfe f\u00fcr Kinder mit angeborenen Fehlbildungen, sog. Lippen Kiefer Gaumenspalten (LKG).<\/p>\n<p>Die Gesundheitsversorgung in dem seit 22 Jahren unabh\u00e4ngigen UDSSR Nachfolgerstaat ist aufgrund der landesweit desolaten sozio-\u00f6konomischen Verh\u00e4ltnisse \u00e4u\u00dferst defizit\u00e4r.<\/p>\n<p>Die Situation ist gekennzeichnet von unzureichender fachlicher Kompetenz, mangelhafter medizinischer Ausstattung, sowie einem schweren Zugang zu medizinischer Versorgung f\u00fcr arme Bev\u00f6lkerungsschichten. Die humanit\u00e4re Trag\u00f6die trifft vor allem diejenigen, die aufgrund einer stigmatisierenden Erkrankung aus der Gesellschaft ausgegrenzt werden. Das Krankheitsbild der Spaltbildung tritt bei ca. jedem 500. Neugeborenen auf.<\/p>\n<p>Regelrechte Behandlungspfade gab es bis dato nicht, so sind zahlreiche Patienten gar nicht oder nur unterversorgt. Aufgrund des Erscheinungsbildes sind die Kinder stigmatisiert, sie werden ausgegrenzt, oft in Heimen abgegeben und f\u00fchren eine Leben am Rande der Gesellschaft. Dabei ist Familienanschluss in Tadschikistan die wichtigste Sozialversorgung.<\/p>\n<p>Durch die Erkrankung k\u00f6nnen die Kinder insbesondere im ersten Lebensjahr schlecht Nahrung aufnehmen, es bestehen wesentliche Defizite beim Essen, Trinken und Spracherwerb. Hinzu kommen viele weitere Probleme. Die M\u00fctter sind ebenfalls betroffen: aufgrund fehlender Ultraschall-Untersuchungen erfahren sie oft erst bei der Geburt \u00fcber die Erkrankung ihres Kindes und wissen kaum wohin sie sich wenden k\u00f6nnen.<\/p>\n<p>Das Projekt bietet L\u00f6sungen: mit dem Aufbau eines landesweit t\u00e4tigen und interdisziplin\u00e4r arbeitenden Spaltzentrums soll jedes dort geborene Kind mit einer Spaltbildung eine Chance im Leben erhalten. Hierzu ist der Aufbau fachlicher Kapazit\u00e4ten sowie die Schaffung der medizintechnischen Voraussetzung unerl\u00e4sslich.<\/p>\n<p>Nach \u00fcber 850 humanit\u00e4ren Operationen konnte TajikAID im November 2014 ein Kinder-Kiefer-Chirurgisches Zentrum in der Universit\u00e4t der Hauptstadt Duschanbe errichten, welches nun seine Arbeit aufgenommen hat.<\/p>\n<p>Hierzu brauchen wir auch in diesem Jahr Ihre Unterst\u00fctzung!<\/p>\n<\/div><\/div><\/div><\/div><\/div><\/div><\/div><\/section><section class=\"l-section wpb_row height_small\"><div class=\"l-section-h i-cf\"><div class=\"g-cols vc_row via_flex valign_top type_default stacking_default\"><div class=\"vc_col-sm-3 wpb_column vc_column_container\"><div class=\"vc_column-inner\"><div class=\"wpb_wrapper\"><div class=\"w-image align_none\"><div class=\"w-image-h\"><img decoding=\"async\" width=\"212\" height=\"200\" src=\"https:\/\/human-plus.de\/wp-content\/uploads\/2016\/06\/human-plus-tajikistan_4-e1467022011216.jpg\" class=\"attachment-full size-full\" alt=\"\" loading=\"lazy\" \/><\/div><\/div><\/div><\/div><\/div><div class=\"vc_col-sm-3 wpb_column vc_column_container\"><div class=\"vc_column-inner\"><div class=\"wpb_wrapper\"><div class=\"w-image align_none\"><div class=\"w-image-h\"><img decoding=\"async\" width=\"200\" height=\"200\" src=\"https:\/\/human-plus.de\/wp-content\/uploads\/2016\/06\/human-plus-tajikistan_2-e1467022022990.jpg\" class=\"attachment-full size-full\" alt=\"\" loading=\"lazy\" \/><\/div><\/div><\/div><\/div><\/div><div class=\"vc_col-sm-3 wpb_column vc_column_container\"><div class=\"vc_column-inner\"><div class=\"wpb_wrapper\"><div class=\"w-image align_none\"><div class=\"w-image-h\"><img decoding=\"async\" width=\"299\" height=\"200\" src=\"https:\/\/human-plus.de\/wp-content\/uploads\/2016\/06\/human-plus-tajikistan_3-e1467021997755.jpg\" class=\"attachment-full size-full\" alt=\"\" loading=\"lazy\" \/><\/div><\/div><\/div><\/div><\/div><div class=\"vc_col-sm-3 wpb_column vc_column_container\"><div class=\"vc_column-inner\"><div class=\"wpb_wrapper\"><div class=\"w-separator size_medium\"><\/div><\/div><\/div><\/div><\/div><\/div><\/section><section class=\"l-section wpb_row height_small\"><div class=\"l-section-h i-cf\"><div class=\"g-cols vc_row via_flex valign_top type_default stacking_default\"><div class=\"vc_col-sm-12 wpb_column vc_column_container\"><div class=\"vc_column-inner\"><div class=\"wpb_wrapper\"><div class=\"wpb_text_column\"><div class=\"wpb_wrapper\"><h2>Er\u00f6ffnung der Operationss\u00e4le in der Klinik Karabolo<\/h2>\n<\/div><\/div><\/div><\/div><\/div><\/div><\/div><\/section><section class=\"l-section wpb_row height_small\"><div class=\"l-section-h i-cf\"><div class=\"g-cols vc_row via_flex valign_top type_default stacking_default\"><div class=\"vc_col-sm-8 wpb_column vc_column_container\"><div class=\"vc_column-inner\"><div class=\"wpb_wrapper\"><div class=\"wpb_text_column\"><div class=\"wpb_wrapper\"><p>Nach sechsmonatiger Bauzeit konnten am 30.01.2017 die OP-R\u00e4ume der Klinik Karabolo im Beisein des Deutschen Botschafters Herrn Holger Green, des Projektleiters Herr Dr. Martin Kamp, des Human Plus-Pr\u00e4sidenten + CEO Anestis Ioanndis und des stellvertretenden Gesundheitsministers Tadschikistans er\u00f6ffnet werden.<\/p>\n<p>Auf zwei Etagen entstanden zwei Zentral-OPs in den Fachrichtungen Augen- und HNO-Heilkunde. Es wurden insgesamt zwei Aufwach- und Intensivr\u00e4ume mit insgesamt acht Pl\u00e4tzen geschaffen, zudem f\u00fcnf OP-S\u00e4le mit zehn OP-Tischen f\u00fcr eine Kapazit\u00e4t von je 4.500 Operationen je Fachrichtung.<\/p>\n<p>Beide Abteilungen sind mit einer zentralen Sauerstoffversorgung ausgestattet, die ebenfalls Sauerstoff f\u00fcr die gesamte Klinik produziert.<\/p>\n<p>Human Plus unterst\u00fctzt diese ko-finanzierte Ma\u00dfnahme mit Mittel der Stiftung \u201eEin Herz f\u00fcr Kinder\u201c mit dem Ziel, die Operationen f\u00fcr Kinder in den Fachbereichen deutlich zu verbessern. Bislang wurden viele Eingriffe ohne jegliche Narkose durchgef\u00fchrt, u. a. Mandeloperationen. Nun hat eine neue Zeitrechnung begonnen: es werden hygienische und sichere Abl\u00e4ufe garantiert, vor allem durch die zentrale Sauerstoffversorgung.<\/p>\n<p><strong>Human Plus bedankt sich bei allen, die das Projekt unterst\u00fctzt haben!<\/strong><\/p>\n<\/div><\/div><\/div><\/div><\/div><div class=\"vc_col-sm-4 wpb_column vc_column_container\"><div class=\"vc_column-inner\"><div class=\"wpb_wrapper\"><div class=\"w-slider style_none fit_scaledown\"><div class=\"w-slider-h\"><div class=\"royalSlider\"><div class=\"rsContent\"><a class=\"rsImg\" data-rsw=\"240\" data-rsh=\"320\" href=\"https:\/\/human-plus.de\/wp-content\/uploads\/2016\/06\/Human-Plus-dushanbe-klinik-karobolo-bau-1-22022017.jpg\"><span data-alt=\"\"><\/span><\/a><\/div><div class=\"rsContent\"><a class=\"rsImg\" data-rsw=\"240\" data-rsh=\"320\" href=\"https:\/\/human-plus.de\/wp-content\/uploads\/2016\/06\/Human-Plus-dushanbe-klinik-karobolo-bau-2-22022017.jpg\"><span data-alt=\"\"><\/span><\/a><\/div><div class=\"rsContent\"><a class=\"rsImg\" data-rsw=\"240\" data-rsh=\"320\" href=\"https:\/\/human-plus.de\/wp-content\/uploads\/2016\/06\/Human-Plus-dushanbe-klinik-karobolo-bau-3-22022017.jpg\"><span data-alt=\"\"><\/span><\/a><\/div><div class=\"rsContent\"><a class=\"rsImg\" data-rsw=\"240\" data-rsh=\"320\" href=\"https:\/\/human-plus.de\/wp-content\/uploads\/2016\/06\/Human-Plus-dushanbe-klinik-karobolo-bau-4-22022017.jpg\"><span data-alt=\"\"><\/span><\/a><\/div><\/div><img decoding=\"async\" src=\"https:\/\/human-plus.de\/wp-content\/uploads\/2016\/06\/Human-Plus-dushanbe-klinik-karobolo-bau-1-22022017.jpg\" width=\"240\" height=\"320\" alt loading=\"lazy\"><\/div><div class=\"w-slider-json\" onclick='return {&quot;autoScaleSlider&quot;:true,&quot;loop&quot;:true,&quot;fadeInLoadedSlide&quot;:false,&quot;slidesSpacing&quot;:0,&quot;imageScalePadding&quot;:0,&quot;numImagesToPreload&quot;:2,&quot;arrowsNav&quot;:true,&quot;arrowsNavAutoHide&quot;:false,&quot;transitionType&quot;:&quot;move&quot;,&quot;transitionSpeed&quot;:250,&quot;block&quot;:{&quot;moveEffect&quot;:&quot;none&quot;,&quot;speed&quot;:300},&quot;thumbs&quot;:{&quot;fitInViewport&quot;:false},&quot;controlNavigation&quot;:&quot;none&quot;,&quot;autoplay&quot;:{&quot;enabled&quot;:true,&quot;pauseOnHover&quot;:true,&quot;delay&quot;:3000},&quot;imageScaleMode&quot;:&quot;fit-if-smaller&quot;,&quot;autoScaleSliderWidth&quot;:240,&quot;autoScaleSliderHeight&quot;:320}'><\/div><\/div><div class=\"wpb_text_column\"><div class=\"wpb_wrapper\"><p><em>Die Operationss\u00e4le in der Bauphase<\/em><\/p>\n<\/div><\/div><div class=\"w-separator size_medium\"><\/div><div class=\"w-image align_none\"><div class=\"w-image-h\"><img decoding=\"async\" width=\"640\" height=\"480\" src=\"https:\/\/human-plus.de\/wp-content\/uploads\/2016\/06\/Human-Plus-dushanbe-klinik-karobolo-zentrale-sauerstoffversorgung-22022017.jpg\" class=\"attachment-full size-full\" alt=\"\" loading=\"lazy\" srcset=\"https:\/\/human-plus.de\/wp-content\/uploads\/2016\/06\/Human-Plus-dushanbe-klinik-karobolo-zentrale-sauerstoffversorgung-22022017.jpg 640w, https:\/\/human-plus.de\/wp-content\/uploads\/2016\/06\/Human-Plus-dushanbe-klinik-karobolo-zentrale-sauerstoffversorgung-22022017-300x225.jpg 300w, https:\/\/human-plus.de\/wp-content\/uploads\/2016\/06\/Human-Plus-dushanbe-klinik-karobolo-zentrale-sauerstoffversorgung-22022017-600x450.jpg 600w\" sizes=\"(max-width: 640px) 100vw, 640px\" \/><\/div><\/div><div class=\"wpb_text_column\"><div class=\"wpb_wrapper\"><p><em>Die zentrale Sauerstoffversorgung<\/em><\/p>\n<\/div><\/div><\/div><\/div><\/div><\/div><\/div><\/section><section class=\"l-section wpb_row height_small\"><div class=\"l-section-h i-cf\"><div class=\"g-cols vc_row via_flex valign_top type_default stacking_default\"><div class=\"vc_col-sm-6 wpb_column vc_column_container\"><div class=\"vc_column-inner\"><div class=\"wpb_wrapper\"><div class=\"w-slider style_none fit_scaledown\"><div class=\"w-slider-h\"><div class=\"royalSlider\"><div class=\"rsContent\"><a class=\"rsImg\" data-rsw=\"640\" data-rsh=\"480\" href=\"https:\/\/human-plus.de\/wp-content\/uploads\/2016\/06\/Human-Plus-dushanbe-klinik-karobolo-bett-1-22022017.jpg\"><span data-alt=\"\"><\/span><\/a><\/div><div class=\"rsContent\"><a class=\"rsImg\" data-rsw=\"640\" data-rsh=\"480\" href=\"https:\/\/human-plus.de\/wp-content\/uploads\/2016\/06\/Human-Plus-dushanbe-klinik-karobolo-bett-2-22022017.jpg\"><span data-alt=\"\"><\/span><\/a><\/div><div class=\"rsContent\"><a class=\"rsImg\" data-rsw=\"640\" data-rsh=\"480\" href=\"https:\/\/human-plus.de\/wp-content\/uploads\/2016\/06\/Human-Plus-dushanbe-klinik-karobolo-OP-1-22022017.jpg\"><span data-alt=\"\"><\/span><\/a><\/div><div class=\"rsContent\"><a class=\"rsImg\" data-rsw=\"640\" data-rsh=\"480\" href=\"https:\/\/human-plus.de\/wp-content\/uploads\/2016\/06\/Human-Plus-dushanbe-klinik-karobolo-OP-2-22022017.jpg\"><span data-alt=\"\"><\/span><\/a><\/div><div class=\"rsContent\"><a class=\"rsImg\" data-rsw=\"640\" data-rsh=\"480\" href=\"https:\/\/human-plus.de\/wp-content\/uploads\/2016\/06\/Human-Plus-dushanbe-klinik-karobolo-OP-3-22022017.jpg\"><span data-alt=\"\"><\/span><\/a><\/div><\/div><img decoding=\"async\" src=\"https:\/\/human-plus.de\/wp-content\/uploads\/2016\/06\/Human-Plus-dushanbe-klinik-karobolo-bett-1-22022017.jpg\" width=\"640\" height=\"480\" alt loading=\"lazy\"><\/div><div class=\"w-slider-json\" onclick='return {&quot;autoScaleSlider&quot;:true,&quot;loop&quot;:true,&quot;fadeInLoadedSlide&quot;:false,&quot;slidesSpacing&quot;:0,&quot;imageScalePadding&quot;:0,&quot;numImagesToPreload&quot;:2,&quot;arrowsNav&quot;:true,&quot;arrowsNavAutoHide&quot;:false,&quot;transitionType&quot;:&quot;move&quot;,&quot;transitionSpeed&quot;:250,&quot;block&quot;:{&quot;moveEffect&quot;:&quot;none&quot;,&quot;speed&quot;:300},&quot;thumbs&quot;:{&quot;fitInViewport&quot;:false},&quot;controlNavigation&quot;:&quot;none&quot;,&quot;autoplay&quot;:{&quot;enabled&quot;:true,&quot;pauseOnHover&quot;:true,&quot;delay&quot;:3000},&quot;imageScaleMode&quot;:&quot;fit-if-smaller&quot;,&quot;autoScaleSliderWidth&quot;:640,&quot;autoScaleSliderHeight&quot;:480}'><\/div><\/div><div class=\"wpb_text_column\"><div class=\"wpb_wrapper\"><p><em>Verschiedene Ansichten der Operationss\u00e4le<\/em><\/p>\n<\/div><\/div><\/div><\/div><\/div><div class=\"vc_col-sm-6 wpb_column vc_column_container\"><div class=\"vc_column-inner\"><div class=\"wpb_wrapper\"><div class=\"w-image align_none\"><div class=\"w-image-h\"><img decoding=\"async\" width=\"640\" height=\"480\" src=\"https:\/\/human-plus.de\/wp-content\/uploads\/2016\/06\/Human-Plus-dushanbe-klinik-karobolo-eroeffnung-2-2202201.jpg\" class=\"attachment-full size-full\" alt=\"\" loading=\"lazy\" srcset=\"https:\/\/human-plus.de\/wp-content\/uploads\/2016\/06\/Human-Plus-dushanbe-klinik-karobolo-eroeffnung-2-2202201.jpg 640w, https:\/\/human-plus.de\/wp-content\/uploads\/2016\/06\/Human-Plus-dushanbe-klinik-karobolo-eroeffnung-2-2202201-300x225.jpg 300w, https:\/\/human-plus.de\/wp-content\/uploads\/2016\/06\/Human-Plus-dushanbe-klinik-karobolo-eroeffnung-2-2202201-600x450.jpg 600w\" sizes=\"(max-width: 640px) 100vw, 640px\" \/><\/div><\/div><div class=\"wpb_text_column\"><div class=\"wpb_wrapper\"><p>Er\u00f6ffnung der OPs mit (v.l.nr.): Dr. Martin Kamp (Projektleiter), Holger Green (Deutscher Botschafer), Anestis Ioannidis (Human Plus President + CEO) und mit dem Gesundheitsminister Tadschikistans<\/p>\n<\/div><\/div><\/div><\/div><\/div><\/div><\/div><\/section>\n","protected":false},"excerpt":{"rendered":"Tajikistan-Hilfe Human Plus hilft TajikAID Das seit dem Jahr 2009 bestehende Projekt TajikAid realisiert in dem zentralasiatischen Land Tadschikistan eine umfassende Hilfe f\u00fcr Kinder mit angeborenen Fehlbildungen, sog. Lippen Kiefer Gaumenspalten (LKG). Die Gesundheitsversorgung in dem seit 22 Jahren unabh\u00e4ngigen UDSSR Nachfolgerstaat ist aufgrund der landesweit desolaten sozio-\u00f6konomischen Verh\u00e4ltnisse \u00e4u\u00dferst defizit\u00e4r. Die Situation ist gekennzeichnet...","protected":false},"author":1,"featured_media":0,"parent":1277,"menu_order":0,"comment_status":"closed","ping_status":"closed","template":"","meta":{"footnotes":""},"_links":{"self":[{"href":"https:\/\/human-plus.de\/en\/wp-json\/wp\/v2\/pages\/1274"}],"collection":[{"href":"https:\/\/human-plus.de\/en\/wp-json\/wp\/v2\/pages"}],"about":[{"href":"https:\/\/human-plus.de\/en\/wp-json\/wp\/v2\/types\/page"}],"author":[{"embeddable":true,"href":"https:\/\/human-plus.de\/en\/wp-json\/wp\/v2\/users\/1"}],"replies":[{"embeddable":true,"href":"https:\/\/human-plus.de\/en\/wp-json\/wp\/v2\/comments?post=1274"}],"version-history":[{"count":6,"href":"https:\/\/human-plus.de\/en\/wp-json\/wp\/v2\/pages\/1274\/revisions"}],"predecessor-version":[{"id":3807,"href":"https:\/\/human-plus.de\/en\/wp-json\/wp\/v2\/pages\/1274\/revisions\/3807"}],"up":[{"embeddable":true,"href":"https:\/\/human-plus.de\/en\/wp-json\/wp\/v2\/pages\/1277"}],"wp:attachment":[{"href":"https:\/\/human-plus.de\/en\/wp-json\/wp\/v2\/media?parent=1274"}],"curies":[{"name":"wp","href":"https:\/\/api.w.org\/{rel}","templated":true}]}}