{"id":1161,"date":"2016-07-13T11:52:35","date_gmt":"2016-07-13T11:52:35","guid":{"rendered":"http:\/\/wp.human-plus.de\/en\/?page_id=1161"},"modified":"2019-02-22T08:00:09","modified_gmt":"2019-02-22T08:00:09","slug":"news","status":"publish","type":"page","link":"https:\/\/human-plus.de\/en\/news\/","title":{"rendered":"News"},"content":{"rendered":"<section class=\"l-section wpb_row height_small\"><div class=\"l-section-h i-cf\"><div class=\"g-cols vc_row via_flex valign_top type_default stacking_default\"><div class=\"vc_col-sm-12 wpb_column vc_column_container\"><div class=\"vc_column-inner\"><div class=\"wpb_wrapper\"><div class=\"w-grid type_masonry layout_2904 cols_4 with_pagination overflow_hidden with_isotope\" id=\"us_grid_1\" style=\"--gap:5px;\" data-filterable=\"true\"><style>@media (max-width:1280px){#us_grid_1 .w-grid-item{width:33.3333%}}@media (max-width:1024px){#us_grid_1 .w-grid-item{width:50%}}@media (max-width:600px){#us_grid_1 .w-grid-list{margin:0}#us_grid_1 .w-grid-item{width:100%;padding:0;margin-bottom:var(--gap,0px)}}.layout_2904 .w-grid-item-h{background:#ffffff;border-radius:0.3rem;box-shadow:0 0.03rem 0.06rem rgba(0,0,0,0.1),0 0.1rem 0.3rem rgba(0,0,0,0.1);transition-duration:0.3s}.no-touch .layout_2904 .w-grid-item-h:hover{box-shadow:0 0.1rem 0.2rem rgba(0,0,0,0.1),0 0.33rem 1rem rgba(0,0,0,0.15);z-index:4}.layout_2904 .usg_post_title_1{font-family:var(--font-family)!important;font-size:1.2rem!important;font-weight:700!important}.layout_2904 .usg_vwrapper_1{padding:9% 11% 11% 11%!important}.layout_2904 .usg_post_taxonomy_1{position:absolute!important;top:1.2rem!important;left:1.2rem!important;right:1.2rem!important;font-family:var(--font-family)!important;font-size:10px!important;font-weight:700!important;text-transform:uppercase!important}.layout_2904 .usg_hwrapper_1{color:#999999!important}.layout_2904 .usg_post_date_1{font-family:var(--font-family)!important;font-size:0.9rem!important}.layout_2904 .usg_post_content_1{font-family:var(--font-family)!important}<\/style><div class=\"w-grid-list\">\t<article class=\"w-grid-item size_1x1 post-7054 post type-post status-publish format-standard has-post-thumbnail hentry category-ukraine\" data-id=\"7054\">\r\n\t\t<div class=\"w-grid-item-h\">\r\n\t\t\t\t\t\t<div class=\"w-post-elm post_image usg_post_image_1 stretched\"><a href=\"https:\/\/human-plus.de\/en\/wo-wir-helfen-hilfspakete-fuer-bedueftige-familien-in-der-ganzen-ukraine\/\" aria-label=\"Wo wir helfen: Hilfspakete f\u00fcr bed\u00fcftige Familien in der ganzen Ukraine\"><img loading=\"lazy\" decoding=\"async\" width=\"416\" height=\"412\" src=\"https:\/\/human-plus.de\/wp-content\/uploads\/2024\/02\/ukraine-orte-HP.png\" class=\"attachment-us_600_0 size-us_600_0 wp-post-image\" alt=\"\" srcset=\"https:\/\/human-plus.de\/wp-content\/uploads\/2024\/02\/ukraine-orte-HP.png 416w, https:\/\/human-plus.de\/wp-content\/uploads\/2024\/02\/ukraine-orte-HP-300x297.png 300w, https:\/\/human-plus.de\/wp-content\/uploads\/2024\/02\/ukraine-orte-HP-150x149.png 150w\" sizes=\"(max-width: 416px) 100vw, 416px\" \/><\/a><\/div><div class=\"w-post-elm post_taxonomy usg_post_taxonomy_1 style_badge color_link_inherit\"><a class=\"w-btn us-btn-style_badge term-20 term-ukraine\" href=\"https:\/\/human-plus.de\/category\/ukraine\/\"><span class=\"w-btn-label\">Ukraine<\/span><\/a><\/div><div class=\"w-vwrapper usg_vwrapper_1 align_left valign_top\"><h2 class=\"w-post-elm post_title usg_post_title_1 entry-title color_link_inherit\"><a href=\"https:\/\/human-plus.de\/en\/wo-wir-helfen-hilfspakete-fuer-bedueftige-familien-in-der-ganzen-ukraine\/\">Wo wir helfen: Hilfspakete f\u00fcr bed\u00fcftige Familien in der ganzen Ukraine<\/a><\/h2><div class=\"w-hwrapper usg_hwrapper_1 has_text_color align_left valign_top wrap\"><time class=\"w-post-elm post_date usg_post_date_1 entry-date published\" datetime=\"2024-02-07T12:17:22+00:00\"><i class=\"far fa-clock\"><\/i>February 7, 2024<\/time><\/div><div class=\"w-post-elm post_content usg_post_content_1\">Die Karte zeigt: Es gibt kaum einen Ort, wo Human Plus keine Hilfe leistet. Im vergangenen Jahr wurden #Lebensmittel&#8211; und #Kleidungspakete an \u00fcber 16.000 bed\u00fcrftige&hellip;<\/div><\/div>\t\t<\/div>\r\n\t\t\t<\/article>\r\n\t<article class=\"w-grid-item size_1x1 post-7043 post type-post status-publish format-standard has-post-thumbnail hentry category-ukraine\" data-id=\"7043\">\r\n\t\t<div class=\"w-grid-item-h\">\r\n\t\t\t\t\t\t<div class=\"w-post-elm post_image usg_post_image_1 stretched\"><a href=\"https:\/\/human-plus.de\/en\/7043\/\" aria-label=\"Was f\u00fcr eine Odyssee! Ein Krankenwagen f\u00fcr die Ukraine\"><img loading=\"lazy\" decoding=\"async\" width=\"415\" height=\"415\" src=\"https:\/\/human-plus.de\/wp-content\/uploads\/2024\/02\/krankenwagen-1.png\" class=\"attachment-us_600_0 size-us_600_0 wp-post-image\" alt=\"\" srcset=\"https:\/\/human-plus.de\/wp-content\/uploads\/2024\/02\/krankenwagen-1.png 415w, https:\/\/human-plus.de\/wp-content\/uploads\/2024\/02\/krankenwagen-1-300x300.png 300w, https:\/\/human-plus.de\/wp-content\/uploads\/2024\/02\/krankenwagen-1-150x150.png 150w, https:\/\/human-plus.de\/wp-content\/uploads\/2024\/02\/krankenwagen-1-350x350.png 350w\" sizes=\"(max-width: 415px) 100vw, 415px\" \/><\/a><\/div><div class=\"w-post-elm post_taxonomy usg_post_taxonomy_1 style_badge color_link_inherit\"><a class=\"w-btn us-btn-style_badge term-20 term-ukraine\" href=\"https:\/\/human-plus.de\/category\/ukraine\/\"><span class=\"w-btn-label\">Ukraine<\/span><\/a><\/div><div class=\"w-vwrapper usg_vwrapper_1 align_left valign_top\"><h2 class=\"w-post-elm post_title usg_post_title_1 entry-title color_link_inherit\"><a href=\"https:\/\/human-plus.de\/en\/7043\/\">Was f\u00fcr eine Odyssee! Ein Krankenwagen f\u00fcr die Ukraine<\/a><\/h2><div class=\"w-hwrapper usg_hwrapper_1 has_text_color align_left valign_top wrap\"><time class=\"w-post-elm post_date usg_post_date_1 entry-date published\" datetime=\"2024-02-07T11:22:58+00:00\"><i class=\"far fa-clock\"><\/i>February 7, 2024<\/time><\/div><div class=\"w-post-elm post_content usg_post_content_1\">WAS F\u00dcR EINE ODYSSEE!! Mission: Einen holl\u00e4ndischen Krankenwagen in die #Ukraine bringen. Start: Vorgestern in Nettetal. Zwei Fahrer wechseln sich ab: Anestis Ioannidis und Jakob&hellip;<\/div><\/div>\t\t<\/div>\r\n\t\t\t<\/article>\r\n\t<article class=\"w-grid-item size_1x1 post-6956 post type-post status-publish format-standard has-post-thumbnail hentry category-ukraine\" data-id=\"6956\">\r\n\t\t<div class=\"w-grid-item-h\">\r\n\t\t\t\t\t\t<div class=\"w-post-elm post_image usg_post_image_1 stretched\"><a href=\"https:\/\/human-plus.de\/en\/neuer-hilfstransport-in-die-ukraine-30-paletten-fuer-zeltlazarett-und-familien\/\" aria-label=\"Neuer Hilfstransport in die Ukraine: 30 Paletten f\u00fcr Zeltlazarett und Familien\"><img loading=\"lazy\" decoding=\"async\" width=\"413\" height=\"412\" src=\"https:\/\/human-plus.de\/wp-content\/uploads\/2023\/11\/Unbenannt3.png\" class=\"attachment-us_600_0 size-us_600_0 wp-post-image\" alt=\"\" srcset=\"https:\/\/human-plus.de\/wp-content\/uploads\/2023\/11\/Unbenannt3.png 413w, https:\/\/human-plus.de\/wp-content\/uploads\/2023\/11\/Unbenannt3-300x300.png 300w, https:\/\/human-plus.de\/wp-content\/uploads\/2023\/11\/Unbenannt3-150x150.png 150w, https:\/\/human-plus.de\/wp-content\/uploads\/2023\/11\/Unbenannt3-350x350.png 350w\" sizes=\"(max-width: 413px) 100vw, 413px\" \/><\/a><\/div><div class=\"w-post-elm post_taxonomy usg_post_taxonomy_1 style_badge color_link_inherit\"><a class=\"w-btn us-btn-style_badge term-20 term-ukraine\" href=\"https:\/\/human-plus.de\/category\/ukraine\/\"><span class=\"w-btn-label\">Ukraine<\/span><\/a><\/div><div class=\"w-vwrapper usg_vwrapper_1 align_left valign_top\"><h2 class=\"w-post-elm post_title usg_post_title_1 entry-title color_link_inherit\"><a href=\"https:\/\/human-plus.de\/en\/neuer-hilfstransport-in-die-ukraine-30-paletten-fuer-zeltlazarett-und-familien\/\">Neuer Hilfstransport in die Ukraine: 30 Paletten f\u00fcr Zeltlazarett und Familien<\/a><\/h2><div class=\"w-hwrapper usg_hwrapper_1 has_text_color align_left valign_top wrap\"><time class=\"w-post-elm post_date usg_post_date_1 entry-date published\" datetime=\"2023-11-10T12:27:22+00:00\"><i class=\"far fa-clock\"><\/i>November 10, 2023<\/time><\/div><div class=\"w-post-elm post_content usg_post_content_1\">30 Paletten mit Winterkleidung, Schuhen, Hygieneartikeln, Verbandstoffen, Klappbetten und drei gro\u00dfen Heizger\u00e4ten. Diese LKW-Ladung fuhr diese Woche von #Nettetal \u2013 dem Hauptsitz und Lager von&hellip;<\/div><\/div>\t\t<\/div>\r\n\t\t\t<\/article>\r\n\t<article class=\"w-grid-item size_1x1 post-6920 post type-post status-publish format-standard has-post-thumbnail hentry category-griechenland\" data-id=\"6920\">\r\n\t\t<div class=\"w-grid-item-h\">\r\n\t\t\t\t\t\t<div class=\"w-post-elm post_image usg_post_image_1 stretched\"><a href=\"https:\/\/human-plus.de\/en\/die-rp-berichtet-so-hilft-anestis-ioannidis-im-griechischen-katastrophengebiet\/\" aria-label=\"Die RP berichtet: So hilft Anestis Ioannidis im griechischen Katastrophengebiet\"><img loading=\"lazy\" decoding=\"async\" width=\"600\" height=\"301\" src=\"https:\/\/human-plus.de\/wp-content\/uploads\/2023\/10\/Unbenannt-600x301.png\" class=\"attachment-us_600_0 size-us_600_0 wp-post-image\" alt=\"\" srcset=\"https:\/\/human-plus.de\/wp-content\/uploads\/2023\/10\/Unbenannt-600x301.png 600w, https:\/\/human-plus.de\/wp-content\/uploads\/2023\/10\/Unbenannt-300x150.png 300w, https:\/\/human-plus.de\/wp-content\/uploads\/2023\/10\/Unbenannt-768x385.png 768w, https:\/\/human-plus.de\/wp-content\/uploads\/2023\/10\/Unbenannt-150x75.png 150w, https:\/\/human-plus.de\/wp-content\/uploads\/2023\/10\/Unbenannt.png 959w\" sizes=\"(max-width: 600px) 100vw, 600px\" \/><\/a><\/div><div class=\"w-post-elm post_taxonomy usg_post_taxonomy_1 style_badge color_link_inherit\"><a class=\"w-btn us-btn-style_badge term-21 term-griechenland\" href=\"https:\/\/human-plus.de\/category\/griechenland\/\"><span class=\"w-btn-label\">Griechenland<\/span><\/a><\/div><div class=\"w-vwrapper usg_vwrapper_1 align_left valign_top\"><h2 class=\"w-post-elm post_title usg_post_title_1 entry-title color_link_inherit\"><a href=\"https:\/\/human-plus.de\/en\/die-rp-berichtet-so-hilft-anestis-ioannidis-im-griechischen-katastrophengebiet\/\">Die RP berichtet: So hilft Anestis Ioannidis im griechischen Katastrophengebiet<\/a><\/h2><div class=\"w-hwrapper usg_hwrapper_1 has_text_color align_left valign_top wrap\"><time class=\"w-post-elm post_date usg_post_date_1 entry-date published\" datetime=\"2023-10-09T18:09:31+00:00\"><i class=\"far fa-clock\"><\/i>October 9, 2023<\/time><\/div><div class=\"w-post-elm post_content usg_post_content_1\">So hilft Anestis Ioannidis im griechischen Katastrophengebiet Die Nettetaler Organisation Human Plus hat schon in vielen L\u00e4ndern humanit\u00e4re Hilfe geleistet. Derzeit ist ihr Gr\u00fcnder in&hellip;<\/div><\/div>\t\t<\/div>\r\n\t\t\t<\/article>\r\n<\/div><div class=\"w-grid-preloader\">\t<div class=\"g-preloader type_1\">\r\n\t\t<div><\/div>\r\n\t<\/div>\r\n\t<\/div>\t\t\t<nav class=\"pagination navigation\" role=\"navigation\">\r\n\t\t\t\t<div class=\"nav-links\">\r\n\t\t\t\t\t<span aria-current=\"page\" class=\"page-numbers current\"><span>1<\/span><\/span>\n<a class=\"page-numbers\" href=\"https:\/\/human-plus.de\/en\/wp-json\/wp\/v2\/pages\/1161\/page\/2\/\"><span>2<\/span><\/a>\n<a class=\"page-numbers\" href=\"https:\/\/human-plus.de\/en\/wp-json\/wp\/v2\/pages\/1161\/page\/3\/\"><span>3<\/span><\/a>\n<a class=\"page-numbers\" href=\"https:\/\/human-plus.de\/en\/wp-json\/wp\/v2\/pages\/1161\/page\/4\/\"><span>4<\/span><\/a>\n<span class=\"page-numbers dots\">&hellip;<\/span>\n<a class=\"page-numbers\" href=\"https:\/\/human-plus.de\/en\/wp-json\/wp\/v2\/pages\/1161\/page\/32\/\"><span>32<\/span><\/a>\n<a class=\"next page-numbers\" href=\"https:\/\/human-plus.de\/en\/wp-json\/wp\/v2\/pages\/1161\/page\/2\/\"><span>Next<\/span><\/a>\t\t\t\t<\/div>\r\n\t\t\t<\/nav>\r\n\t\t\t\t<div class=\"w-grid-json hidden\" onclick='return {&quot;action&quot;:&quot;us_ajax_grid&quot;,&quot;infinite_scroll&quot;:0,&quot;max_num_pages&quot;:32,&quot;pagination&quot;:&quot;regular&quot;,&quot;template_vars&quot;:{&quot;columns&quot;:&quot;4&quot;,&quot;exclude_items&quot;:&quot;none&quot;,&quot;img_size&quot;:&quot;us_600_0&quot;,&quot;ignore_items_size&quot;:0,&quot;items_layout&quot;:&quot;2904&quot;,&quot;items_offset&quot;:&quot;1&quot;,&quot;load_animation&quot;:&quot;none&quot;,&quot;overriding_link&quot;:&quot;{\\&quot;url\\&quot;:\\&quot;\\&quot;}&quot;,&quot;post_id&quot;:0,&quot;query_args&quot;:{&quot;post_type&quot;:[&quot;post&quot;],&quot;post_status&quot;:[&quot;publish&quot;],&quot;posts_per_page&quot;:&quot;4&quot;},&quot;orderby_query_args&quot;:{&quot;orderby&quot;:{&quot;date&quot;:&quot;DESC&quot;}},&quot;type&quot;:&quot;masonry&quot;,&quot;us_grid_ajax_index&quot;:1,&quot;us_grid_filter_params&quot;:[],&quot;us_grid_index&quot;:1,&quot;_us_grid_post_type&quot;:&quot;post&quot;,&quot;page_args&quot;:[],&quot;lang&quot;:&quot;en&quot;}}'><\/div>\r\n\t<\/div><\/div><\/div><\/div><\/div><\/div><\/section>\n","protected":false},"excerpt":{"rendered":"So hilft Anestis Ioannidis im griechischen Katastrophengebiet Die Nettetaler Organisation Human Plus hat schon in vielen L\u00e4ndern humanit\u00e4re Hilfe geleistet. Derzeit ist ihr Gr\u00fcnder in seinem Heimatland im Einsatz. LOBBERICH | Die ersten Nachrichten \u00fcber die verheerenden \u00dcberschwemmungen nach heftigen Regenf\u00e4llen in Griechenland waren erst wenige Tage alt, da machte sich Anestis Ioannidis bereits auf...","protected":false},"author":1,"featured_media":0,"parent":0,"menu_order":0,"comment_status":"closed","ping_status":"closed","template":"","meta":{"footnotes":""},"_links":{"self":[{"href":"https:\/\/human-plus.de\/en\/wp-json\/wp\/v2\/pages\/1161"}],"collection":[{"href":"https:\/\/human-plus.de\/en\/wp-json\/wp\/v2\/pages"}],"about":[{"href":"https:\/\/human-plus.de\/en\/wp-json\/wp\/v2\/types\/page"}],"author":[{"embeddable":true,"href":"https:\/\/human-plus.de\/en\/wp-json\/wp\/v2\/users\/1"}],"replies":[{"embeddable":true,"href":"https:\/\/human-plus.de\/en\/wp-json\/wp\/v2\/comments?post=1161"}],"version-history":[{"count":6,"href":"https:\/\/human-plus.de\/en\/wp-json\/wp\/v2\/pages\/1161\/revisions"}],"predecessor-version":[{"id":2905,"href":"https:\/\/human-plus.de\/en\/wp-json\/wp\/v2\/pages\/1161\/revisions\/2905"}],"wp:attachment":[{"href":"https:\/\/human-plus.de\/en\/wp-json\/wp\/v2\/media?parent=1161"}],"curies":[{"name":"wp","href":"https:\/\/api.w.org\/{rel}","templated":true}]}}