{"id":1156,"date":"2016-06-22T14:08:03","date_gmt":"2016-06-22T14:08:03","guid":{"rendered":"http:\/\/wp.human-plus.de\/en\/?page_id=1156"},"modified":"2021-02-11T14:40:15","modified_gmt":"2021-02-11T14:40:15","slug":"econosophen","status":"publish","type":"page","link":"https:\/\/human-plus.de\/en\/econosophen\/","title":{"rendered":"Econosophen"},"content":{"rendered":"<section class=\"l-section wpb_row height_small\"><div class=\"l-section-h i-cf\"><div class=\"g-cols vc_row via_flex valign_top type_default stacking_default\"><div class=\"vc_col-sm-12 wpb_column vc_column_container\"><div class=\"vc_column-inner\"><div class=\"wpb_wrapper\"><div class=\"wpb_text_column\"><div class=\"wpb_wrapper\"><h2 class=\"text\">Econosophers<\/h2>\n<\/div><\/div><\/div><\/div><\/div><\/div><\/div><\/section><section class=\"l-section wpb_row height_small\"><div class=\"l-section-h i-cf\"><div class=\"g-cols vc_row via_flex valign_middle type_default stacking_default\"><div class=\"vc_col-sm-6 wpb_column vc_column_container\"><div class=\"vc_column-inner\"><div class=\"wpb_wrapper\"><div class=\"wpb_text_column\"><div class=\"wpb_wrapper\"><div class=\"item\">\n<p class=\"text\">You\u2019ll probably think: \u201cAnother one of those neologisms.\u201d And you\u2019d be perfectly right. But so far, we haven\u2019t been able to find a term in English that appropriately expresses the way in which particular people combine their economic and ethical interests in the most unusual manner. So we refer to them as \u201ceconosophers\u201d. The way we see things at Human Plus, \u201ceconosophers\u201d are very successful people in the economic sense, who harmonise the sociological values of kindness and wisdom with their financial success and actively use their empathy to look after the most essential needs of their fellow human beings.<\/p>\n<\/div>\n<\/div><\/div><\/div><\/div><\/div><div class=\"vc_col-sm-6 wpb_column vc_column_container\"><div class=\"vc_column-inner\"><div class=\"wpb_wrapper\"><div class=\"w-image align_none\"><div class=\"w-image-h\"><img decoding=\"async\" width=\"460\" height=\"175\" src=\"https:\/\/human-plus.de\/wp-content\/uploads\/2016\/06\/humna-plus-econosophen_1a.jpg\" class=\"attachment-full size-full\" alt=\"\" loading=\"lazy\" srcset=\"https:\/\/human-plus.de\/wp-content\/uploads\/2016\/06\/humna-plus-econosophen_1a.jpg 460w, https:\/\/human-plus.de\/wp-content\/uploads\/2016\/06\/humna-plus-econosophen_1a-300x114.jpg 300w\" sizes=\"(max-width: 460px) 100vw, 460px\" \/><\/div><\/div><\/div><\/div><\/div><\/div><\/div><\/section><section class=\"l-section wpb_row height_small\"><div class=\"l-section-h i-cf\"><div class=\"g-cols vc_row via_flex valign_top type_default stacking_default\"><div class=\"vc_col-sm-12 wpb_column vc_column_container\"><div class=\"vc_column-inner\"><div class=\"wpb_wrapper\"><div class=\"wpb_text_column\"><div class=\"wpb_wrapper\"><h2>Harmony between Economy and Philosophy<\/h2>\n<\/div><\/div><\/div><\/div><\/div><\/div><\/div><\/section><section class=\"l-section wpb_row height_small\"><div class=\"l-section-h i-cf\"><div class=\"g-cols vc_row via_flex valign_middle type_default stacking_default\"><div class=\"vc_col-sm-6 wpb_column vc_column_container\"><div class=\"vc_column-inner\"><div class=\"wpb_wrapper\"><div class=\"wpb_text_column\"><div class=\"wpb_wrapper\"><div class=\"item\">\n<div class=\"text\">\n<p>The term \u201ceconosopher\u201d was coined by Human Plus. Drawing from the terms economy, philosophy and anthroposophy, it describes the perfect synthesis between them. Human Plus presents the \u201ceconosopher\u201d award exclusively to people who have shown long-term and consistent commitment in the area of humanitarian aid. As the founder of this unique award, only the Board of Management at Human Plus is entitled to present it. In doing so, the organisation follows the strictest selection criteria.<\/p>\n<\/div>\n<\/div>\n<\/div><\/div><\/div><\/div><\/div><div class=\"vc_col-sm-6 wpb_column vc_column_container\"><div class=\"vc_column-inner\"><div class=\"wpb_wrapper\"><div class=\"wpb_text_column\"><div class=\"wpb_wrapper\"><p><em>\u00a0<\/em><\/p>\n<\/div><\/div><div class=\"w-image align_none\"><div class=\"w-image-h\"><img decoding=\"async\" width=\"460\" height=\"300\" src=\"https:\/\/human-plus.de\/wp-content\/uploads\/2016\/06\/human-plus-econosophen-hipp.jpg\" class=\"attachment-full size-full\" alt=\"\" loading=\"lazy\" srcset=\"https:\/\/human-plus.de\/wp-content\/uploads\/2016\/06\/human-plus-econosophen-hipp.jpg 460w, https:\/\/human-plus.de\/wp-content\/uploads\/2016\/06\/human-plus-econosophen-hipp-300x196.jpg 300w\" sizes=\"(max-width: 460px) 100vw, 460px\" \/><\/div><\/div><div class=\"wpb_text_column\"><div class=\"wpb_wrapper\"><p><em>Anestis Ioannidis and Prof. Dr. Claus Hipp during the award ceremony<\/em><\/p>\n<p class=\"text\"><em>\u00a0<\/em><\/p>\n<\/div><\/div><\/div><\/div><\/div><\/div><\/div><\/section><section class=\"l-section wpb_row height_small\"><div class=\"l-section-h i-cf\"><div class=\"g-cols vc_row via_flex valign_top type_default stacking_default\"><div class=\"vc_col-sm-12 wpb_column vc_column_container\"><div class=\"vc_column-inner\"><div class=\"wpb_wrapper\"><div class=\"wpb_text_column\"><div class=\"wpb_wrapper\"><h2>In the past years Human Plus e.V. granted a lot of dignified personalities for their support:<\/h2>\n<\/div><\/div><\/div><\/div><\/div><\/div><\/div><\/section><section class=\"l-section wpb_row height_small\"><div class=\"l-section-h i-cf\"><div class=\"g-cols vc_row via_flex valign_top type_default stacking_default\"><div class=\"vc_col-sm-6 wpb_column vc_column_container\"><div class=\"vc_column-inner\"><div class=\"wpb_wrapper\"><div class=\"wpb_text_column\"><div class=\"wpb_wrapper\"><p>Herr Walter Grieger, Walter Grieger Offsetdruck OHG<br \/>\nHerr Wolgang Ebermann, Microsoft<br \/>\nHerr Uli Hoene\u00df, Bayern M\u00fcnchen<br \/>\nHerr Frank Kusserow, Jetaviation<br \/>\nHerr Christian Niehoff, Heliaviation<br \/>\nFrau Martina Kr\u00fcger, Gesch\u00e4ftsf\u00fchrerin von\u00a0BILD hilft e.V. \u201eEin Herz f\u00fcr Kinder\u201c<br \/>\nFrau Simone Bagel-Trah und Christian Henkel, Henkel AG<br \/>\nHerr Krogner-Kornalik, Esprit Europe GmbH<\/p>\n<\/div><\/div><\/div><\/div><\/div><div class=\"vc_col-sm-6 wpb_column vc_column_container\"><div class=\"vc_column-inner\"><div class=\"wpb_wrapper\"><div class=\"wpb_text_column\"><div class=\"wpb_wrapper\"><p>Herr Krzystztof Malowaniec, Senior President von der Paul Hartmann AG<br \/>\nHerr Uwe Schmitz, Frankonia Eurobau AG<br \/>\nHerr Joachim Hunold, Air berlin<br \/>\nHerr Prof. Dr. Claus Hipp<br \/>\nFrau Dr. h. c. mult. Sybill Storz<br \/>\nHerr Jean Asselborn, Au\u00dfenminister Luxemburg<br \/>\nHerr Ralf Schmitz, Ralf Schmitz GmbH &amp; Co. KGaA<br \/>\nHerr Christian Esch, Gesch\u00e4ftsleitung Supermarkt Esch<\/p>\n<\/div><\/div><\/div><\/div><\/div><\/div><\/div><\/section><section class=\"l-section wpb_row height_small\"><div class=\"l-section-h i-cf\"><div class=\"g-cols vc_row via_flex valign_top type_default stacking_default\"><div class=\"vc_col-sm-6 wpb_column vc_column_container\"><div class=\"vc_column-inner\"><div class=\"wpb_wrapper\"><div class=\"w-image align_none\"><div class=\"w-image-h\"><img decoding=\"async\" width=\"460\" height=\"300\" src=\"https:\/\/human-plus.de\/wp-content\/uploads\/2016\/06\/human-plus-econosophen-storz.jpg\" class=\"attachment-full size-full\" alt=\"\" loading=\"lazy\" srcset=\"https:\/\/human-plus.de\/wp-content\/uploads\/2016\/06\/human-plus-econosophen-storz.jpg 460w, https:\/\/human-plus.de\/wp-content\/uploads\/2016\/06\/human-plus-econosophen-storz-300x196.jpg 300w\" sizes=\"(max-width: 460px) 100vw, 460px\" \/><\/div><\/div><div class=\"wpb_text_column\"><div class=\"wpb_wrapper\"><p class=\"text\"><em>Anestis Ioannidis and Dr. h. c. mult. Sybill Storz during the award ceremony<\/em><\/p>\n<p class=\"text\"><em>\u00a0<\/em><\/p>\n<\/div><\/div><\/div><\/div><\/div><div class=\"vc_col-sm-6 wpb_column vc_column_container\"><div class=\"vc_column-inner\"><div class=\"wpb_wrapper\"><div class=\"w-image align_none\"><div class=\"w-image-h\"><img decoding=\"async\" width=\"460\" height=\"300\" src=\"https:\/\/human-plus.de\/wp-content\/uploads\/2016\/06\/human-plus-econosoph_jean-asselborn.jpg\" class=\"attachment-full size-full\" alt=\"\" loading=\"lazy\" srcset=\"https:\/\/human-plus.de\/wp-content\/uploads\/2016\/06\/human-plus-econosoph_jean-asselborn.jpg 460w, https:\/\/human-plus.de\/wp-content\/uploads\/2016\/06\/human-plus-econosoph_jean-asselborn-300x196.jpg 300w\" sizes=\"(max-width: 460px) 100vw, 460px\" \/><\/div><\/div><div class=\"wpb_text_column\"><div class=\"wpb_wrapper\"><div class=\"page\" title=\"Page 1\">\n<div class=\"layoutArea\">\n<div class=\"column\">\n<p><em>The minister for foreign affairs Jean Asselborn (l.) and Human Plus-CEO Anestis Ioannidis during the award ceremony<\/em><\/p>\n<\/div>\n<\/div>\n<\/div>\n<\/div><\/div><\/div><\/div><\/div><\/div><\/div><\/section><section class=\"l-section wpb_row height_small\"><div class=\"l-section-h i-cf\"><div class=\"g-cols vc_row via_flex valign_top type_default stacking_default\"><div class=\"vc_col-sm-6 wpb_column vc_column_container\"><div class=\"vc_column-inner\"><div class=\"wpb_wrapper\"><div class=\"w-image align_none\"><div class=\"w-image-h\"><img decoding=\"async\" width=\"460\" height=\"300\" src=\"https:\/\/human-plus.de\/wp-content\/uploads\/2016\/06\/human-plus-econosophen-ralf-schmitz.jpg\" class=\"attachment-full size-full\" alt=\"\" loading=\"lazy\" srcset=\"https:\/\/human-plus.de\/wp-content\/uploads\/2016\/06\/human-plus-econosophen-ralf-schmitz.jpg 460w, https:\/\/human-plus.de\/wp-content\/uploads\/2016\/06\/human-plus-econosophen-ralf-schmitz-300x196.jpg 300w\" sizes=\"(max-width: 460px) 100vw, 460px\" \/><\/div><\/div><div class=\"wpb_text_column\"><div class=\"wpb_wrapper\"><div class=\"page\" title=\"Page 1\">\n<div class=\"layoutArea\">\n<div class=\"column\">\n<p><em>Dr. Martin Kamp (l.), Anestis Ioannidis (r.) and Ralf Schmitz during the award ceremony<br \/>\n<\/em><\/p>\n<\/div>\n<\/div>\n<\/div>\n<\/div><\/div><\/div><\/div><\/div><div class=\"vc_col-sm-6 wpb_column vc_column_container\"><div class=\"vc_column-inner\"><div class=\"wpb_wrapper\"><div class=\"w-image align_none\"><div class=\"w-image-h\"><img decoding=\"async\" width=\"460\" height=\"300\" src=\"https:\/\/human-plus.de\/wp-content\/uploads\/2016\/06\/human-plus-econosophen-christian-esch.jpg\" class=\"attachment-full size-full\" alt=\"\" loading=\"lazy\" srcset=\"https:\/\/human-plus.de\/wp-content\/uploads\/2016\/06\/human-plus-econosophen-christian-esch.jpg 460w, https:\/\/human-plus.de\/wp-content\/uploads\/2016\/06\/human-plus-econosophen-christian-esch-300x196.jpg 300w\" sizes=\"(max-width: 460px) 100vw, 460px\" \/><\/div><\/div><div class=\"wpb_text_column\"><div class=\"wpb_wrapper\"><div class=\"page\" title=\"Page 1\">\n<div class=\"layoutArea\">\n<div class=\"column\">\n<p><em>Anestis Ioannidis (l.) and Christian Esch (2. f. l.) with J\u00f6rg Longerich (r.) during the award ceremony<\/em><\/p>\n<p><em>\u00a0<\/em><\/p>\n<\/div>\n<\/div>\n<\/div>\n<\/div><\/div><\/div><\/div><\/div><\/div><\/div><\/section><section class=\"l-section wpb_row height_small\"><div class=\"l-section-h i-cf\"><div class=\"g-cols vc_row via_flex valign_top type_default stacking_default\"><div class=\"vc_col-sm-6 wpb_column vc_column_container\"><div class=\"vc_column-inner\"><div class=\"wpb_wrapper\"><div class=\"w-image align_none\"><div class=\"w-image-h\"><img decoding=\"async\" width=\"460\" height=\"300\" src=\"https:\/\/human-plus.de\/wp-content\/uploads\/2019\/02\/human-plus-econosophen-syrien.jpg\" class=\"attachment-full size-full\" alt=\"\" loading=\"lazy\" srcset=\"https:\/\/human-plus.de\/wp-content\/uploads\/2019\/02\/human-plus-econosophen-syrien.jpg 460w, https:\/\/human-plus.de\/wp-content\/uploads\/2019\/02\/human-plus-econosophen-syrien-300x196.jpg 300w\" sizes=\"(max-width: 460px) 100vw, 460px\" \/><\/div><\/div><div class=\"wpb_text_column\"><div class=\"wpb_wrapper\"><div class=\"page\" title=\"Page 1\">\n<div class=\"layoutArea\">\n<div class=\"column\">\n<p><em>For their extraordinary commitment our employees in Syria received the Econosopher Award 2017 and 2018 .<br \/>\n<\/em><\/p>\n<\/div>\n<\/div>\n<\/div>\n<\/div><\/div><\/div><\/div><\/div><div class=\"vc_col-sm-6 wpb_column vc_column_container\"><div class=\"vc_column-inner\"><div class=\"wpb_wrapper\"><\/div><\/div><\/div><\/div><\/div><\/section><section class=\"l-section wpb_row height_small\"><div class=\"l-section-h i-cf\"><div class=\"g-cols vc_row via_flex valign_top type_default stacking_default\"><div class=\"vc_col-sm-4 wpb_column vc_column_container\"><div class=\"vc_column-inner\"><div class=\"wpb_wrapper\"><div class=\"w-image align_none\"><div class=\"w-image-h\"><img decoding=\"async\" width=\"430\" height=\"287\" src=\"https:\/\/human-plus.de\/wp-content\/uploads\/2016\/06\/Preisverleihung-Burg-Bocholt-2-kl.jpg\" class=\"attachment-full size-full\" alt=\"\" loading=\"lazy\" srcset=\"https:\/\/human-plus.de\/wp-content\/uploads\/2016\/06\/Preisverleihung-Burg-Bocholt-2-kl.jpg 430w, https:\/\/human-plus.de\/wp-content\/uploads\/2016\/06\/Preisverleihung-Burg-Bocholt-2-kl-300x200.jpg 300w\" sizes=\"(max-width: 430px) 100vw, 430px\" \/><\/div><\/div><\/div><\/div><\/div><div class=\"vc_col-sm-4 wpb_column vc_column_container\"><div class=\"vc_column-inner\"><div class=\"wpb_wrapper\"><div class=\"w-image align_none\"><div class=\"w-image-h\"><img decoding=\"async\" width=\"430\" height=\"287\" src=\"https:\/\/human-plus.de\/wp-content\/uploads\/2016\/06\/Preisverleihung-4-kl.jpg\" class=\"attachment-full size-full\" alt=\"\" loading=\"lazy\" srcset=\"https:\/\/human-plus.de\/wp-content\/uploads\/2016\/06\/Preisverleihung-4-kl.jpg 430w, https:\/\/human-plus.de\/wp-content\/uploads\/2016\/06\/Preisverleihung-4-kl-300x200.jpg 300w\" sizes=\"(max-width: 430px) 100vw, 430px\" \/><\/div><\/div><\/div><\/div><\/div><div class=\"vc_col-sm-4 wpb_column vc_column_container\"><div class=\"vc_column-inner\"><div class=\"wpb_wrapper\"><div class=\"w-image align_none\"><div class=\"w-image-h\"><img decoding=\"async\" width=\"430\" height=\"287\" src=\"https:\/\/human-plus.de\/wp-content\/uploads\/2016\/06\/IMG_9985-kl.jpg\" class=\"attachment-full size-full\" alt=\"\" loading=\"lazy\" srcset=\"https:\/\/human-plus.de\/wp-content\/uploads\/2016\/06\/IMG_9985-kl.jpg 430w, https:\/\/human-plus.de\/wp-content\/uploads\/2016\/06\/IMG_9985-kl-300x200.jpg 300w\" sizes=\"(max-width: 430px) 100vw, 430px\" \/><\/div><\/div><\/div><\/div><\/div><\/div><\/div><\/section><section class=\"l-section wpb_row height_small\"><div class=\"l-section-h i-cf\"><div class=\"g-cols vc_row via_flex valign_top type_default stacking_default\"><div class=\"vc_col-sm-12 wpb_column vc_column_container\"><div class=\"vc_column-inner\"><div class=\"wpb_wrapper\"><div class=\"wpb_text_column\"><div class=\"wpb_wrapper\"><h4>Thank you very much for your support!<\/h4>\n<\/div><\/div><\/div><\/div><\/div><\/div><\/div><\/section>\n","protected":false},"excerpt":{"rendered":"Econosophers You\u2019ll probably think: \u201cAnother one of those neologisms.\u201d And you\u2019d be perfectly right. But so far, we haven\u2019t been able to find a term in English that appropriately expresses the way in which particular people combine their economic and ethical interests in the most unusual manner. So we refer to them as \u201ceconosophers\u201d. The...","protected":false},"author":1,"featured_media":0,"parent":0,"menu_order":0,"comment_status":"closed","ping_status":"closed","template":"","meta":{"footnotes":""},"_links":{"self":[{"href":"https:\/\/human-plus.de\/en\/wp-json\/wp\/v2\/pages\/1156"}],"collection":[{"href":"https:\/\/human-plus.de\/en\/wp-json\/wp\/v2\/pages"}],"about":[{"href":"https:\/\/human-plus.de\/en\/wp-json\/wp\/v2\/types\/page"}],"author":[{"embeddable":true,"href":"https:\/\/human-plus.de\/en\/wp-json\/wp\/v2\/users\/1"}],"replies":[{"embeddable":true,"href":"https:\/\/human-plus.de\/en\/wp-json\/wp\/v2\/comments?post=1156"}],"version-history":[{"count":19,"href":"https:\/\/human-plus.de\/en\/wp-json\/wp\/v2\/pages\/1156\/revisions"}],"predecessor-version":[{"id":5369,"href":"https:\/\/human-plus.de\/en\/wp-json\/wp\/v2\/pages\/1156\/revisions\/5369"}],"wp:attachment":[{"href":"https:\/\/human-plus.de\/en\/wp-json\/wp\/v2\/media?parent=1156"}],"curies":[{"name":"wp","href":"https:\/\/api.w.org\/{rel}","templated":true}]}}